{"id":1051,"date":"2024-03-08T22:24:43","date_gmt":"2024-03-08T22:24:43","guid":{"rendered":"https:\/\/www.kosekonak.com\/ciftligimiz\/"},"modified":"2024-03-12T07:19:23","modified_gmt":"2024-03-12T07:19:23","slug":"ciftligimiz","status":"publish","type":"page","link":"https:\/\/www.kosekonak.com\/tr\/ciftligimiz\/","title":{"rendered":"\u00c7iftli\u011fimiz"},"content":{"rendered":"\t\t<div data-elementor-type=\"wp-page\" data-elementor-id=\"1051\" class=\"elementor elementor-1051 elementor-1040\">\n\t\t\t\t\t\t\t\t\t<section class=\"elementor-section elementor-top-section elementor-element elementor-element-1a1b691c elementor-section-full_width elementor-section-height-min-height elementor-section-height-default elementor-section-items-middle\" data-id=\"1a1b691c\" data-element_type=\"section\" data-settings=\"{&quot;background_background&quot;:&quot;classic&quot;,&quot;_ha_eqh_enable&quot;:false}\">\n\t\t\t\t\t\t\t<div class=\"elementor-background-overlay\"><\/div>\n\t\t\t\t\t\t\t<div class=\"elementor-container elementor-column-gap-default\">\n\t\t\t\t\t<div class=\"elementor-column elementor-col-100 elementor-top-column elementor-element elementor-element-3f84bcfb\" data-id=\"3f84bcfb\" data-element_type=\"column\">\n\t\t\t<div class=\"elementor-widget-wrap elementor-element-populated\">\n\t\t\t\t\t\t\t\t<div class=\"elementor-element elementor-element-415837ab premium-header-block elementor-widget elementor-widget-premium-addon-dual-header\" data-id=\"415837ab\" data-element_type=\"widget\" data-widget_type=\"premium-addon-dual-header.default\">\n\t\t\t\t<div class=\"elementor-widget-container\">\n\t\t\t\r\n\t\t\t\t\t<h1 class=\"premium-dual-header-first-header \"><span class=\"premium-dual-header-first-span\">Her \u015fey taze,   <\/span><span class=\"premium-dual-header-second-header \">Do\u011frudan Dal\u0131nda<\/span><\/h1> \t\t\r\n\t\t\t\t<\/div>\n\t\t\t\t<\/div>\n\t\t\t\t<div class=\"elementor-element elementor-element-28b91c4d elementor-widget elementor-widget-heading\" data-id=\"28b91c4d\" data-element_type=\"widget\" data-widget_type=\"heading.default\">\n\t\t\t\t<div class=\"elementor-widget-container\">\n\t\t\t<style>\/*! elementor - v3.16.0 - 17-10-2023 *\/\n.elementor-heading-title{padding:0;margin:0;line-height:1}.elementor-widget-heading .elementor-heading-title[class*=elementor-size-]>a{color:inherit;font-size:inherit;line-height:inherit}.elementor-widget-heading .elementor-heading-title.elementor-size-small{font-size:15px}.elementor-widget-heading .elementor-heading-title.elementor-size-medium{font-size:19px}.elementor-widget-heading .elementor-heading-title.elementor-size-large{font-size:29px}.elementor-widget-heading .elementor-heading-title.elementor-size-xl{font-size:39px}.elementor-widget-heading .elementor-heading-title.elementor-size-xxl{font-size:59px}<\/style><h2 class=\"elementor-heading-title elementor-size-default\">\u00c7iftli\u011fimiz ve Bah\u00e7emiz<\/h2>\t\t<\/div>\n\t\t\t\t<\/div>\n\t\t\t\t<div class=\"elementor-element elementor-element-4af097e7 elementor-widget elementor-widget-heading\" data-id=\"4af097e7\" data-element_type=\"widget\" data-widget_type=\"heading.default\">\n\t\t\t\t<div class=\"elementor-widget-container\">\n\t\t\t<h1 class=\"elementor-heading-title elementor-size-default\">\u00c7<\/h1>\t\t<\/div>\n\t\t\t\t<\/div>\n\t\t\t\t\t<\/div>\n\t\t<\/div>\n\t\t\t\t\t\t\t<\/div>\n\t\t<\/section>\n\t\t\t\t<section class=\"elementor-section elementor-top-section elementor-element elementor-element-135ca08 elementor-section-boxed elementor-section-height-default elementor-section-height-default\" data-id=\"135ca08\" data-element_type=\"section\" data-settings=\"{&quot;_ha_eqh_enable&quot;:false}\">\n\t\t\t\t\t\t<div class=\"elementor-container elementor-column-gap-default\">\n\t\t\t\t\t<div class=\"elementor-column elementor-col-100 elementor-top-column elementor-element elementor-element-7384ee7c\" data-id=\"7384ee7c\" data-element_type=\"column\">\n\t\t\t<div class=\"elementor-widget-wrap elementor-element-populated\">\n\t\t\t\t\t\t\t\t<section class=\"elementor-section elementor-inner-section elementor-element elementor-element-763c0ce9 elementor-section-boxed elementor-section-height-default elementor-section-height-default\" data-id=\"763c0ce9\" data-element_type=\"section\" data-settings=\"{&quot;_ha_eqh_enable&quot;:false}\">\n\t\t\t\t\t\t<div class=\"elementor-container elementor-column-gap-default\">\n\t\t\t\t\t<div class=\"elementor-column elementor-col-100 elementor-inner-column elementor-element elementor-element-1000d6c4\" data-id=\"1000d6c4\" data-element_type=\"column\">\n\t\t\t<div class=\"elementor-widget-wrap elementor-element-populated\">\n\t\t\t\t\t\t\t\t<div class=\"elementor-element elementor-element-7dd79c13 elementor-widget elementor-widget-text-editor\" data-id=\"7dd79c13\" data-element_type=\"widget\" data-widget_type=\"text-editor.default\">\n\t\t\t\t<div class=\"elementor-widget-container\">\n\t\t\t<style>\/*! elementor - v3.16.0 - 17-10-2023 *\/\n.elementor-widget-text-editor.elementor-drop-cap-view-stacked .elementor-drop-cap{background-color:#69727d;color:#fff}.elementor-widget-text-editor.elementor-drop-cap-view-framed .elementor-drop-cap{color:#69727d;border:3px solid;background-color:transparent}.elementor-widget-text-editor:not(.elementor-drop-cap-view-default) .elementor-drop-cap{margin-top:8px}.elementor-widget-text-editor:not(.elementor-drop-cap-view-default) .elementor-drop-cap-letter{width:1em;height:1em}.elementor-widget-text-editor .elementor-drop-cap{float:left;text-align:center;line-height:1;font-size:50px}.elementor-widget-text-editor .elementor-drop-cap-letter{display:inline-block}<\/style>\t\t\t\t<h2 data-sourcepos=\"1:1-1:52\"><span style=\"color: #999999;\">K\u00f6\u015fe Konak \u00c7iftli\u011fi: Do\u011fa ve Lezzetin Bulu\u015ftu\u011fu Yer<\/span><\/h2>\n<p data-sourcepos=\"3:1-3:301\">K\u00f6\u015fe Konak, Ala\u00e7at\u0131&#8217;da misafirlerine unutulmaz bir konaklama deneyimi sunarken lezzet ve do\u011fan\u0131n merkezi olarak \u00f6ne \u00e7\u0131k\u0131yor. Kimyasal g\u00fcbre ve ila\u00e7lardan uzak, do\u011fayla uyum i\u00e7inde yeti\u015fen \u00fcr\u00fcnlerle kahvalt\u0131n\u0131z\u0131 ta\u00e7land\u0131r\u0131yor, do\u011fall\u0131\u011f\u0131 ve lezzeti sofralar\u0131n\u0131za ta\u015f\u0131yoruz.<\/p>\n<p data-sourcepos=\"5:1-5:40\"><strong>Do\u011fall\u0131\u011f\u0131n ve Lezzetin Kayna\u011f\u0131<\/strong><\/p>\n<p data-sourcepos=\"7:1-7:285\">K\u00f6\u015fe Konak \u00c7iftli\u011fi&#8217;nde \u00e7ok \u00e7e\u015fitli organik \u00fcr\u00fcnler yeti\u015ftirilmektedir. Zeytin, domates, biber, salatal\u0131k, yumurta ve ekmek gibi kahvalt\u0131n\u0131n vazge\u00e7ilmezleri \u00e7iftli\u011fimizde \u00f6zenle yeti\u015ftirilmekte ve taze olarak sofralar\u0131n\u0131za gelmektedir. Do\u011fal ve organik \u00fcr\u00fcnlerimizle hem sa\u011fl\u0131\u011f\u0131n\u0131z\u0131 hem de damak tad\u0131n\u0131z\u0131 \u00f6nemsiyoruz.<\/p>\n<p data-sourcepos=\"9:1-9:35\"><strong>Neden \u00c7iftlik &amp; Otel \u00c7iftli\u011fimizi Se\u00e7melisiniz?<\/strong><\/p>\n<ul data-sourcepos=\"11:1-15:0\">\n<li data-sourcepos=\"11:1-11:193\"><strong>Do\u011fal ve Organik:<\/strong> \u00dcr\u00fcnlerimiz kimyasal g\u00fcbre ve tar\u0131m ila\u00e7lar\u0131ndan uzak, do\u011fa ile uyum i\u00e7inde yeti\u015ftirilmektedir. Bu \u015fekilde hem sa\u011fl\u0131\u011f\u0131n\u0131z\u0131 koruyabilir hem de do\u011fan\u0131n tad\u0131n\u0131 \u00e7\u0131karabilirsiniz.<\/li>\n<li data-sourcepos=\"12:1-12:219\"><strong>Taze ve Lezzetli:<\/strong> \u00dcr\u00fcnlerimiz her g\u00fcn taze olarak hasat edilir ve sofran\u0131za gelir. \u00c7iftlikten sofraya uzanan k\u0131sa yolculuk sayesinde \u00fcr\u00fcnlerimiz lezzetlerini ve besin de\u011ferlerini korumay\u0131 ba\u015far\u0131yor.<\/li>\n<li data-sourcepos=\"13:1-13:169\"><strong>Sa\u011fl\u0131kl\u0131:<\/strong> Do\u011fal ve organik \u00fcr\u00fcnlerimizle sa\u011fl\u0131\u011f\u0131n\u0131za katk\u0131da bulunursunuz. Kimyasallardan uzak beslenerek v\u00fccudunuzu korur ve daha sa\u011fl\u0131kl\u0131 bir ya\u015fam tarz\u0131 benimsersiniz.<\/li>\n<li data-sourcepos=\"14:1-15:0\"><strong>Lezzetli:<\/strong> \u00dcr\u00fcnlerimiz do\u011fal lezzetlerini korumak i\u00e7in \u00f6zenle yeti\u015ftirilir ve i\u015flenir. Bu sayede kahvalt\u0131n\u0131zda ger\u00e7ek ve unutulmaz lezzetleri tadabilirsiniz.<\/li>\n<\/ul>\n<p data-sourcepos=\"16:1-16:49\"><strong>\u00c7iftli\u011fimizden Nas\u0131l Yararlanabilirsiniz?<\/strong><\/p>\n<p data-sourcepos=\"18:1-18:102\">K\u00f6\u015fe Konak \u00c7iftli\u011fi&#8217;nin sundu\u011fu lezzetlerden ve do\u011fall\u0131ktan faydalanmak i\u00e7in farkl\u0131 se\u00e7enekleriniz var:<\/p>\n<ul data-sourcepos=\"20:1-23:0\">\n<li data-sourcepos=\"20:1-20:259\"><strong>K\u00f6\u015fe Konak&#8217;ta konaklay\u0131n:<\/strong> K\u00f6\u015fe Konak&#8217;ta konaklad\u0131\u011f\u0131n\u0131zda \u00e7iftli\u011fimizden gelen taze ve lezzetli \u00fcr\u00fcnleri kahvalt\u0131n\u0131zda tadabilirsiniz. Her sabah sofran\u0131za gelen bu \u00fcr\u00fcnler, g\u00fcne tazelenmi\u015f ve enerjik hissetmenize yard\u0131mc\u0131 olacak.<\/li>\n<\/ul>\n<p data-sourcepos=\"24:1-24:69\"><strong>Do\u011fal ve lezzetli bir kahvalt\u0131 i\u00e7in K\u00f6\u015fe Konak \u00c7iftli\u011fi&#8217;ni tercih edin!<\/strong><\/p>\n<p data-sourcepos=\"26:1-26:151\">K\u00f6\u015fe Konak \u00c7iftli\u011fi, do\u011fan\u0131n ve lezzetin bulu\u015fma noktas\u0131 olmaya devam edecek. Sofralar\u0131n\u0131za tazelik, lezzet ve sa\u011fl\u0131k katmak i\u00e7in her zaman buraday\u0131z.<\/p>\n<p data-sourcepos=\"34:1-34:66\"><strong>K\u00f6\u015fe Konak \u00c7iftli\u011fi ile do\u011fan\u0131n ve lezzetin tad\u0131n\u0131 \u00e7\u0131kar\u0131n<\/strong><\/p>\n\t\t\t\t\t\t<\/div>\n\t\t\t\t<\/div>\n\t\t\t\t<div class=\"elementor-element elementor-element-28f9dfb elementor-widget elementor-widget-ha-justified-gallery happy-addon ha-justified-gallery\" data-id=\"28f9dfb\" data-element_type=\"widget\" data-settings=\"{&quot;row_height&quot;:{&quot;unit&quot;:&quot;px&quot;,&quot;size&quot;:150,&quot;sizes&quot;:[]},&quot;margins&quot;:{&quot;unit&quot;:&quot;px&quot;,&quot;size&quot;:10,&quot;sizes&quot;:[]},&quot;last_row&quot;:&quot;justify&quot;,&quot;enable_popup&quot;:&quot;yes&quot;}\" data-widget_type=\"ha-justified-gallery.default\">\n\t\t\t\t<div class=\"elementor-widget-container\">\n\t\t\t\n\t\t<div class=\"ha-justified-grid__wrap hajs-justified-grid\">\n\t\t\t\t\t\t\t<a href=\"#\" data-mfp-src=\"https:\/\/www.kosekonak.com\/wp-content\/uploads\/2023\/10\/vineyard-3-1024x683.jpg\" class=\"ha-justified-grid__item ha-js-lightbox __fltr-1\" title=\"\">\n\t\t\t\t\t<img loading=\"lazy\" decoding=\"async\" width=\"768\" height=\"512\" src=\"https:\/\/www.kosekonak.com\/wp-content\/uploads\/2023\/10\/vineyard-3-768x512.jpg\" class=\"elementor-animation-grow\" alt=\"\" srcset=\"https:\/\/www.kosekonak.com\/wp-content\/uploads\/2023\/10\/vineyard-3-768x512.jpg 768w, https:\/\/www.kosekonak.com\/wp-content\/uploads\/2023\/10\/vineyard-3-300x200.jpg 300w, https:\/\/www.kosekonak.com\/wp-content\/uploads\/2023\/10\/vineyard-3-1024x683.jpg 1024w, https:\/\/www.kosekonak.com\/wp-content\/uploads\/2023\/10\/vineyard-3-1536x1024.jpg 1536w, https:\/\/www.kosekonak.com\/wp-content\/uploads\/2023\/10\/vineyard-3.jpg 1600w\" sizes=\"auto, (max-width: 768px) 100vw, 768px\" \/>\t\t\t\t<\/a>\n\t\t\t\t\t\t\t<a href=\"#\" data-mfp-src=\"https:\/\/www.kosekonak.com\/wp-content\/uploads\/2023\/10\/vineyard-5-1024x683.jpg\" class=\"ha-justified-grid__item ha-js-lightbox __fltr-1\" title=\"\">\n\t\t\t\t\t<img loading=\"lazy\" decoding=\"async\" width=\"768\" height=\"512\" src=\"https:\/\/www.kosekonak.com\/wp-content\/uploads\/2023\/10\/vineyard-5-768x512.jpg\" class=\"elementor-animation-grow\" alt=\"\" srcset=\"https:\/\/www.kosekonak.com\/wp-content\/uploads\/2023\/10\/vineyard-5-768x512.jpg 768w, https:\/\/www.kosekonak.com\/wp-content\/uploads\/2023\/10\/vineyard-5-300x200.jpg 300w, https:\/\/www.kosekonak.com\/wp-content\/uploads\/2023\/10\/vineyard-5-1024x683.jpg 1024w, https:\/\/www.kosekonak.com\/wp-content\/uploads\/2023\/10\/vineyard-5-1536x1024.jpg 1536w, https:\/\/www.kosekonak.com\/wp-content\/uploads\/2023\/10\/vineyard-5.jpg 1600w\" sizes=\"auto, (max-width: 768px) 100vw, 768px\" \/>\t\t\t\t<\/a>\n\t\t\t\t\t\t\t<a href=\"#\" data-mfp-src=\"https:\/\/www.kosekonak.com\/wp-content\/uploads\/2023\/10\/vineyard.jpg\" class=\"ha-justified-grid__item ha-js-lightbox __fltr-1\" title=\"\">\n\t\t\t\t\t<img loading=\"lazy\" decoding=\"async\" width=\"768\" height=\"512\" src=\"https:\/\/www.kosekonak.com\/wp-content\/uploads\/2023\/10\/vineyard-768x512.jpg\" class=\"elementor-animation-grow\" alt=\"\" srcset=\"https:\/\/www.kosekonak.com\/wp-content\/uploads\/2023\/10\/vineyard-768x512.jpg 768w, https:\/\/www.kosekonak.com\/wp-content\/uploads\/2023\/10\/vineyard-300x200.jpg 300w, https:\/\/www.kosekonak.com\/wp-content\/uploads\/2023\/10\/vineyard.jpg 1021w\" sizes=\"auto, (max-width: 768px) 100vw, 768px\" \/>\t\t\t\t<\/a>\n\t\t\t\t\t\t\t<a href=\"#\" data-mfp-src=\"https:\/\/www.kosekonak.com\/wp-content\/uploads\/2023\/10\/our-garden-1024x683.jpg\" class=\"ha-justified-grid__item ha-js-lightbox __fltr-1\" title=\"\">\n\t\t\t\t\t<img loading=\"lazy\" decoding=\"async\" width=\"768\" height=\"512\" src=\"https:\/\/www.kosekonak.com\/wp-content\/uploads\/2023\/10\/our-garden-768x512.jpg\" class=\"elementor-animation-grow\" alt=\"\" srcset=\"https:\/\/www.kosekonak.com\/wp-content\/uploads\/2023\/10\/our-garden-768x512.jpg 768w, https:\/\/www.kosekonak.com\/wp-content\/uploads\/2023\/10\/our-garden-300x200.jpg 300w, https:\/\/www.kosekonak.com\/wp-content\/uploads\/2023\/10\/our-garden-1024x683.jpg 1024w, https:\/\/www.kosekonak.com\/wp-content\/uploads\/2023\/10\/our-garden.jpg 1074w\" sizes=\"auto, (max-width: 768px) 100vw, 768px\" \/>\t\t\t\t<\/a>\n\t\t\t\t\t<\/div>\n\n\t\t\t\t<\/div>\n\t\t\t\t<\/div>\n\t\t\t\t\t<\/div>\n\t\t<\/div>\n\t\t\t\t\t\t\t<\/div>\n\t\t<\/section>\n\t\t\t\t\t<\/div>\n\t\t<\/div>\n\t\t\t\t\t\t\t<\/div>\n\t\t<\/section>\n\t\t\t\t\t\t\t<\/div>\n\t\t","protected":false},"excerpt":{"rendered":"<p>Her \u015fey taze, Do\u011frudan Dal\u0131nda \u00c7iftli\u011fimiz ve Bah\u00e7emiz \u00c7 K\u00f6\u015fe Konak \u00c7iftli\u011fi: Do\u011fa ve Lezzetin Bulu\u015ftu\u011fu Yer K\u00f6\u015fe Konak, Ala\u00e7at\u0131&#8217;da misafirlerine unutulmaz bir konaklama deneyimi sunarken lezzet ve do\u011fan\u0131n merkezi [&hellip;]<\/p>\n","protected":false},"author":1,"featured_media":0,"parent":0,"menu_order":0,"comment_status":"closed","ping_status":"closed","template":"elementor_header_footer","meta":{"footnotes":""},"class_list":["post-1051","page","type-page","status-publish","hentry"],"_links":{"self":[{"href":"https:\/\/www.kosekonak.com\/tr\/wp-json\/wp\/v2\/pages\/1051","targetHints":{"allow":["GET"]}}],"collection":[{"href":"https:\/\/www.kosekonak.com\/tr\/wp-json\/wp\/v2\/pages"}],"about":[{"href":"https:\/\/www.kosekonak.com\/tr\/wp-json\/wp\/v2\/types\/page"}],"author":[{"embeddable":true,"href":"https:\/\/www.kosekonak.com\/tr\/wp-json\/wp\/v2\/users\/1"}],"replies":[{"embeddable":true,"href":"https:\/\/www.kosekonak.com\/tr\/wp-json\/wp\/v2\/comments?post=1051"}],"version-history":[{"count":8,"href":"https:\/\/www.kosekonak.com\/tr\/wp-json\/wp\/v2\/pages\/1051\/revisions"}],"predecessor-version":[{"id":1355,"href":"https:\/\/www.kosekonak.com\/tr\/wp-json\/wp\/v2\/pages\/1051\/revisions\/1355"}],"wp:attachment":[{"href":"https:\/\/www.kosekonak.com\/tr\/wp-json\/wp\/v2\/media?parent=1051"}],"curies":[{"name":"wp","href":"https:\/\/api.w.org\/{rel}","templated":true}]}}