{"id":1058,"date":"2024-03-08T23:05:13","date_gmt":"2024-03-08T23:05:13","guid":{"rendered":"https:\/\/www.kosekonak.com\/locali-havuz\/"},"modified":"2024-03-11T12:22:03","modified_gmt":"2024-03-11T12:22:03","slug":"locali-havuz","status":"publish","type":"page","link":"https:\/\/www.kosekonak.com\/tr\/locali-havuz\/","title":{"rendered":"Local\u0131 Havuz"},"content":{"rendered":"\t\t<div data-elementor-type=\"wp-page\" data-elementor-id=\"1058\" class=\"elementor elementor-1058 elementor-1053\">\n\t\t\t\t\t\t\t\t\t<section class=\"elementor-section elementor-top-section elementor-element elementor-element-7db24dd0 elementor-section-full_width elementor-section-height-min-height elementor-section-height-default elementor-section-items-middle\" data-id=\"7db24dd0\" data-element_type=\"section\" data-settings=\"{&quot;background_background&quot;:&quot;classic&quot;,&quot;_ha_eqh_enable&quot;:false}\">\n\t\t\t\t\t\t\t<div class=\"elementor-background-overlay\"><\/div>\n\t\t\t\t\t\t\t<div class=\"elementor-container elementor-column-gap-default\">\n\t\t\t\t\t<div class=\"elementor-column elementor-col-100 elementor-top-column elementor-element elementor-element-7d9fcfca\" data-id=\"7d9fcfca\" data-element_type=\"column\">\n\t\t\t<div class=\"elementor-widget-wrap elementor-element-populated\">\n\t\t\t\t\t\t\t\t<div class=\"elementor-element elementor-element-5fc334f9 premium-header-block elementor-widget elementor-widget-premium-addon-dual-header\" data-id=\"5fc334f9\" data-element_type=\"widget\" data-widget_type=\"premium-addon-dual-header.default\">\n\t\t\t\t<div class=\"elementor-widget-container\">\n\t\t\t\r\n\t\t\t\t\t<h1 class=\"premium-dual-header-first-header \"><span class=\"premium-dual-header-first-span\">Sofistike Bir Huzur  <\/span><span class=\"premium-dual-header-second-header \">Deneyimi<\/span><\/h1> \t\t\r\n\t\t\t\t<\/div>\n\t\t\t\t<\/div>\n\t\t\t\t<div class=\"elementor-element elementor-element-705ff8d4 elementor-widget elementor-widget-heading\" data-id=\"705ff8d4\" data-element_type=\"widget\" data-widget_type=\"heading.default\">\n\t\t\t\t<div class=\"elementor-widget-container\">\n\t\t\t<style>\/*! elementor - v3.16.0 - 17-10-2023 *\/\n.elementor-heading-title{padding:0;margin:0;line-height:1}.elementor-widget-heading .elementor-heading-title[class*=elementor-size-]>a{color:inherit;font-size:inherit;line-height:inherit}.elementor-widget-heading .elementor-heading-title.elementor-size-small{font-size:15px}.elementor-widget-heading .elementor-heading-title.elementor-size-medium{font-size:19px}.elementor-widget-heading .elementor-heading-title.elementor-size-large{font-size:29px}.elementor-widget-heading .elementor-heading-title.elementor-size-xl{font-size:39px}.elementor-widget-heading .elementor-heading-title.elementor-size-xxl{font-size:59px}<\/style><h2 class=\"elementor-heading-title elementor-size-default\">Kabanal\u0131 Havuz<\/h2>\t\t<\/div>\n\t\t\t\t<\/div>\n\t\t\t\t<div class=\"elementor-element elementor-element-21321727 elementor-widget elementor-widget-heading\" data-id=\"21321727\" data-element_type=\"widget\" data-widget_type=\"heading.default\">\n\t\t\t\t<div class=\"elementor-widget-container\">\n\t\t\t<h1 class=\"elementor-heading-title elementor-size-default\">S<\/h1>\t\t<\/div>\n\t\t\t\t<\/div>\n\t\t\t\t\t<\/div>\n\t\t<\/div>\n\t\t\t\t\t\t\t<\/div>\n\t\t<\/section>\n\t\t\t\t<section class=\"elementor-section elementor-top-section elementor-element elementor-element-4ce34b8b elementor-section-boxed elementor-section-height-default elementor-section-height-default\" data-id=\"4ce34b8b\" data-element_type=\"section\" data-settings=\"{&quot;_ha_eqh_enable&quot;:false}\">\n\t\t\t\t\t\t<div class=\"elementor-container elementor-column-gap-default\">\n\t\t\t\t\t<div class=\"elementor-column elementor-col-100 elementor-top-column elementor-element elementor-element-a11a582\" data-id=\"a11a582\" data-element_type=\"column\">\n\t\t\t<div class=\"elementor-widget-wrap elementor-element-populated\">\n\t\t\t\t\t\t\t\t<section class=\"elementor-section elementor-inner-section elementor-element elementor-element-1cd3197e elementor-section-boxed elementor-section-height-default elementor-section-height-default\" data-id=\"1cd3197e\" data-element_type=\"section\" data-settings=\"{&quot;_ha_eqh_enable&quot;:false}\">\n\t\t\t\t\t\t<div class=\"elementor-container elementor-column-gap-default\">\n\t\t\t\t\t<div class=\"elementor-column elementor-col-100 elementor-inner-column elementor-element elementor-element-4e8d2a79\" data-id=\"4e8d2a79\" data-element_type=\"column\">\n\t\t\t<div class=\"elementor-widget-wrap elementor-element-populated\">\n\t\t\t\t\t\t\t\t<div class=\"elementor-element elementor-element-6e3b2879 elementor-widget elementor-widget-text-editor\" data-id=\"6e3b2879\" data-element_type=\"widget\" data-widget_type=\"text-editor.default\">\n\t\t\t\t<div class=\"elementor-widget-container\">\n\t\t\t<style>\/*! elementor - v3.16.0 - 17-10-2023 *\/\n.elementor-widget-text-editor.elementor-drop-cap-view-stacked .elementor-drop-cap{background-color:#69727d;color:#fff}.elementor-widget-text-editor.elementor-drop-cap-view-framed .elementor-drop-cap{color:#69727d;border:3px solid;background-color:transparent}.elementor-widget-text-editor:not(.elementor-drop-cap-view-default) .elementor-drop-cap{margin-top:8px}.elementor-widget-text-editor:not(.elementor-drop-cap-view-default) .elementor-drop-cap-letter{width:1em;height:1em}.elementor-widget-text-editor .elementor-drop-cap{float:left;text-align:center;line-height:1;font-size:50px}.elementor-widget-text-editor .elementor-drop-cap-letter{display:inline-block}<\/style>\t\t\t\t<h2 data-sourcepos=\"1:1-1:59\"><span style=\"color: #999999;\">K\u00f6\u015fe Konak&#8217;ta Ye\u015fillikler \u0130\u00e7inde Huzurlu Bir Havuz Deneyimi<\/span><\/h2><p data-sourcepos=\"3:1-3:288\">Ala\u00e7at\u0131&#8217;n\u0131n kalbinde yer alan K\u00f6\u015fe Konak, tarihi dokusu ve modern konforuyla misafirlerine unutulmaz bir konaklama deneyimi sunuyor. Otelin ta\u015f avlusunda yemye\u015fil, huzurlu ve sessiz bir alanda yer alan havuz, bu deneyimi yepyeni bir seviyeye ta\u015f\u0131yor.<\/p><p data-sourcepos=\"5:1-5:33\"><strong>Do\u011fan\u0131n Kuca\u011f\u0131nda Serinleyin<\/strong><\/p><p data-sourcepos=\"7:1-7:266\">K\u00f6\u015fe Konak&#8217;\u0131n havuzu limon a\u011fa\u00e7lar\u0131, yaseminler ve begonvillerle s\u00fcsl\u00fc yemye\u015fil bir ortamda, ta\u015f avlunun serin g\u00f6lgesinde yer al\u0131yor. Havuz \u00e7evresindeki geni\u015f g\u00fcne\u015flenme teras\u0131 ve konforlu kabanalar konuklara g\u00fcne\u015flenmek ve dinlenmek i\u00e7in ideal bir alan sunmaktad\u0131r.<\/p><p data-sourcepos=\"9:1-9:34\"><strong>Kabanalarda Havuz Ba\u015f\u0131 Keyfi<\/strong><\/p><p data-sourcepos=\"11:1-11:320\">K\u00f6\u015fe Konak&#8217;\u0131n havuzu da Ala\u00e7at\u0131&#8217;n\u0131n yerel atmosferini yans\u0131t\u0131yor. Havuzun etraf\u0131ndaki ta\u015f duvarlar ve otantik dekorasyon, konuklara Ege&#8217;nin otantik ruhunu hissettiriyor. Kabanalar dinlenmek ve serinlemek, Ege&#8217;nin serin esintisini hissetmek, kitap okumak veya huzurlu bir ortamda sohbet etmek i\u00e7in idealdir.<\/p><p data-sourcepos=\"13:1-13:63\"><strong>Aileniz veya Arkada\u015flar\u0131n\u0131zla Kaliteli Zaman Ge\u00e7irmek \u0130\u00e7in \u0130deal<\/strong><\/p><p data-sourcepos=\"15:1-15:197\">K\u00f6\u015fe Konak&#8217;\u0131n havuzu da aileniz veya arkada\u015flar\u0131n\u0131zla kaliteli zaman ge\u00e7irmek i\u00e7in ideal bir ortam sunuyor. B\u00fcy\u00fck havuzda y\u00fczmenin keyfini \u00e7\u0131karabilir, g\u00fcne\u015flenme teras\u0131nda g\u00fcne\u015flenebilir veya kabinlerde dinlenebilirsiniz.<\/p><p data-sourcepos=\"17:1-17:60\"><strong>Huzur ve Dinginlik Arayanlar \u0130\u00e7in M\u00fckemmel Bir Se\u00e7im<\/strong><\/p><p data-sourcepos=\"19:1-19:289\">K\u00f6\u015fe Konak&#8217;\u0131n havuzu, Ala\u00e7at\u0131&#8217;n\u0131n kalbinde huzur ve dinginlik arayanlar i\u00e7in m\u00fckemmel bir se\u00e7imdir. Ye\u015fil bir ortamda, ta\u015f avlunun serin g\u00f6lgesinde serinlemek ve dinlenmek i\u00e7in ideal bir yerdir. Havuzun etraf\u0131ndaki bitkiler ve \u00e7i\u00e7ekler huzurlu ve sakin bir atmosfer yaratmaktad\u0131r.<\/p><p data-sourcepos=\"21:1-21:71\"><strong>K\u00f6\u015fe Konak&#8217;\u0131n havuzunda unutulmaz bir yaz deneyimi ya\u015fay\u0131n!<\/strong><\/p>\t\t\t\t\t\t<\/div>\n\t\t\t\t<\/div>\n\t\t\t\t<div class=\"elementor-element elementor-element-02b0984 elementor-widget elementor-widget-ha-justified-gallery happy-addon ha-justified-gallery\" data-id=\"02b0984\" data-element_type=\"widget\" data-settings=\"{&quot;row_height&quot;:{&quot;unit&quot;:&quot;px&quot;,&quot;size&quot;:150,&quot;sizes&quot;:[]},&quot;margins&quot;:{&quot;unit&quot;:&quot;px&quot;,&quot;size&quot;:10,&quot;sizes&quot;:[]},&quot;last_row&quot;:&quot;justify&quot;,&quot;enable_popup&quot;:&quot;yes&quot;}\" data-widget_type=\"ha-justified-gallery.default\">\n\t\t\t\t<div class=\"elementor-widget-container\">\n\t\t\t\n\t\t<div class=\"ha-justified-grid__wrap hajs-justified-grid\">\n\t\t\t\t\t\t\t<a href=\"#\" data-mfp-src=\"https:\/\/www.kosekonak.com\/wp-content\/uploads\/2024\/03\/InstagramPost_04_021-1024x1024.jpg\" class=\"ha-justified-grid__item ha-js-lightbox __fltr-1\" title=\"\">\n\t\t\t\t\t<img loading=\"lazy\" decoding=\"async\" width=\"768\" height=\"768\" src=\"https:\/\/www.kosekonak.com\/wp-content\/uploads\/2024\/03\/InstagramPost_04_021-768x768.jpg\" class=\"elementor-animation-grow\" alt=\"\" srcset=\"https:\/\/www.kosekonak.com\/wp-content\/uploads\/2024\/03\/InstagramPost_04_021-768x768.jpg 768w, https:\/\/www.kosekonak.com\/wp-content\/uploads\/2024\/03\/InstagramPost_04_021-300x300.jpg 300w, https:\/\/www.kosekonak.com\/wp-content\/uploads\/2024\/03\/InstagramPost_04_021-1024x1024.jpg 1024w, https:\/\/www.kosekonak.com\/wp-content\/uploads\/2024\/03\/InstagramPost_04_021-150x150.jpg 150w, https:\/\/www.kosekonak.com\/wp-content\/uploads\/2024\/03\/InstagramPost_04_021-1536x1536.jpg 1536w, https:\/\/www.kosekonak.com\/wp-content\/uploads\/2024\/03\/InstagramPost_04_021.jpg 1688w\" sizes=\"auto, (max-width: 768px) 100vw, 768px\" \/>\t\t\t\t<\/a>\n\t\t\t\t\t\t\t<a href=\"#\" data-mfp-src=\"https:\/\/www.kosekonak.com\/wp-content\/uploads\/2024\/03\/InstagramPost_03_025-1024x1024.jpg\" class=\"ha-justified-grid__item ha-js-lightbox __fltr-1\" title=\"\">\n\t\t\t\t\t<img loading=\"lazy\" decoding=\"async\" width=\"768\" height=\"768\" src=\"https:\/\/www.kosekonak.com\/wp-content\/uploads\/2024\/03\/InstagramPost_03_025-768x768.jpg\" class=\"elementor-animation-grow\" alt=\"\" srcset=\"https:\/\/www.kosekonak.com\/wp-content\/uploads\/2024\/03\/InstagramPost_03_025-768x768.jpg 768w, https:\/\/www.kosekonak.com\/wp-content\/uploads\/2024\/03\/InstagramPost_03_025-300x300.jpg 300w, https:\/\/www.kosekonak.com\/wp-content\/uploads\/2024\/03\/InstagramPost_03_025-1024x1024.jpg 1024w, https:\/\/www.kosekonak.com\/wp-content\/uploads\/2024\/03\/InstagramPost_03_025-150x150.jpg 150w, https:\/\/www.kosekonak.com\/wp-content\/uploads\/2024\/03\/InstagramPost_03_025-1536x1536.jpg 1536w, https:\/\/www.kosekonak.com\/wp-content\/uploads\/2024\/03\/InstagramPost_03_025.jpg 1688w\" sizes=\"auto, (max-width: 768px) 100vw, 768px\" \/>\t\t\t\t<\/a>\n\t\t\t\t\t\t\t<a href=\"#\" data-mfp-src=\"https:\/\/www.kosekonak.com\/wp-content\/uploads\/2024\/03\/InstagramPost_04_06-1024x1024.jpg\" class=\"ha-justified-grid__item ha-js-lightbox __fltr-1\" title=\"\">\n\t\t\t\t\t<img loading=\"lazy\" decoding=\"async\" width=\"768\" height=\"768\" src=\"https:\/\/www.kosekonak.com\/wp-content\/uploads\/2024\/03\/InstagramPost_04_06-768x768.jpg\" class=\"elementor-animation-grow\" alt=\"\" srcset=\"https:\/\/www.kosekonak.com\/wp-content\/uploads\/2024\/03\/InstagramPost_04_06-768x768.jpg 768w, https:\/\/www.kosekonak.com\/wp-content\/uploads\/2024\/03\/InstagramPost_04_06-300x300.jpg 300w, https:\/\/www.kosekonak.com\/wp-content\/uploads\/2024\/03\/InstagramPost_04_06-1024x1024.jpg 1024w, https:\/\/www.kosekonak.com\/wp-content\/uploads\/2024\/03\/InstagramPost_04_06-150x150.jpg 150w, https:\/\/www.kosekonak.com\/wp-content\/uploads\/2024\/03\/InstagramPost_04_06-1536x1536.jpg 1536w, https:\/\/www.kosekonak.com\/wp-content\/uploads\/2024\/03\/InstagramPost_04_06.jpg 1688w\" sizes=\"auto, (max-width: 768px) 100vw, 768px\" \/>\t\t\t\t<\/a>\n\t\t\t\t\t\t\t<a href=\"#\" data-mfp-src=\"https:\/\/www.kosekonak.com\/wp-content\/uploads\/2024\/03\/InstagramPost_04_08-1024x1024.jpg\" class=\"ha-justified-grid__item ha-js-lightbox __fltr-1\" title=\"\">\n\t\t\t\t\t<img loading=\"lazy\" decoding=\"async\" width=\"768\" height=\"768\" src=\"https:\/\/www.kosekonak.com\/wp-content\/uploads\/2024\/03\/InstagramPost_04_08-768x768.jpg\" class=\"elementor-animation-grow\" alt=\"\" srcset=\"https:\/\/www.kosekonak.com\/wp-content\/uploads\/2024\/03\/InstagramPost_04_08-768x768.jpg 768w, https:\/\/www.kosekonak.com\/wp-content\/uploads\/2024\/03\/InstagramPost_04_08-300x300.jpg 300w, https:\/\/www.kosekonak.com\/wp-content\/uploads\/2024\/03\/InstagramPost_04_08-1024x1024.jpg 1024w, https:\/\/www.kosekonak.com\/wp-content\/uploads\/2024\/03\/InstagramPost_04_08-150x150.jpg 150w, https:\/\/www.kosekonak.com\/wp-content\/uploads\/2024\/03\/InstagramPost_04_08-1536x1536.jpg 1536w, https:\/\/www.kosekonak.com\/wp-content\/uploads\/2024\/03\/InstagramPost_04_08.jpg 1688w\" sizes=\"auto, (max-width: 768px) 100vw, 768px\" \/>\t\t\t\t<\/a>\n\t\t\t\t\t\t\t<a href=\"#\" data-mfp-src=\"https:\/\/www.kosekonak.com\/wp-content\/uploads\/2024\/03\/InstagramPost_04_023-1024x1024.jpg\" class=\"ha-justified-grid__item ha-js-lightbox __fltr-1\" title=\"\">\n\t\t\t\t\t<img loading=\"lazy\" decoding=\"async\" width=\"768\" height=\"768\" src=\"https:\/\/www.kosekonak.com\/wp-content\/uploads\/2024\/03\/InstagramPost_04_023-768x768.jpg\" class=\"elementor-animation-grow\" alt=\"\" srcset=\"https:\/\/www.kosekonak.com\/wp-content\/uploads\/2024\/03\/InstagramPost_04_023-768x768.jpg 768w, https:\/\/www.kosekonak.com\/wp-content\/uploads\/2024\/03\/InstagramPost_04_023-300x300.jpg 300w, https:\/\/www.kosekonak.com\/wp-content\/uploads\/2024\/03\/InstagramPost_04_023-1024x1024.jpg 1024w, https:\/\/www.kosekonak.com\/wp-content\/uploads\/2024\/03\/InstagramPost_04_023-150x150.jpg 150w, https:\/\/www.kosekonak.com\/wp-content\/uploads\/2024\/03\/InstagramPost_04_023-1536x1536.jpg 1536w, https:\/\/www.kosekonak.com\/wp-content\/uploads\/2024\/03\/InstagramPost_04_023.jpg 1688w\" sizes=\"auto, (max-width: 768px) 100vw, 768px\" \/>\t\t\t\t<\/a>\n\t\t\t\t\t\t\t<a href=\"#\" data-mfp-src=\"https:\/\/www.kosekonak.com\/wp-content\/uploads\/2024\/03\/ER0A3448.jpg\" class=\"ha-justified-grid__item ha-js-lightbox __fltr-1\" title=\"\">\n\t\t\t\t\t<img loading=\"lazy\" decoding=\"async\" width=\"1\" height=\"1\" src=\"https:\/\/www.kosekonak.com\/wp-content\/uploads\/2024\/03\/ER0A3448.jpg\" class=\"elementor-animation-grow\" alt=\"\" \/>\t\t\t\t<\/a>\n\t\t\t\t\t\t\t<a href=\"#\" data-mfp-src=\"https:\/\/www.kosekonak.com\/wp-content\/uploads\/2024\/03\/ER0A3462-1024x683.jpg\" class=\"ha-justified-grid__item ha-js-lightbox __fltr-1\" title=\"\">\n\t\t\t\t\t<img loading=\"lazy\" decoding=\"async\" width=\"768\" height=\"512\" src=\"https:\/\/www.kosekonak.com\/wp-content\/uploads\/2024\/03\/ER0A3462-768x512.jpg\" class=\"elementor-animation-grow\" alt=\"\" srcset=\"https:\/\/www.kosekonak.com\/wp-content\/uploads\/2024\/03\/ER0A3462-768x512.jpg 768w, https:\/\/www.kosekonak.com\/wp-content\/uploads\/2024\/03\/ER0A3462-300x200.jpg 300w, https:\/\/www.kosekonak.com\/wp-content\/uploads\/2024\/03\/ER0A3462-1024x683.jpg 1024w\" sizes=\"auto, (max-width: 768px) 100vw, 768px\" \/>\t\t\t\t<\/a>\n\t\t\t\t\t\t\t<a href=\"#\" data-mfp-src=\"https:\/\/www.kosekonak.com\/wp-content\/uploads\/2024\/03\/InstagramPost_03_02-1024x1024.jpg\" class=\"ha-justified-grid__item ha-js-lightbox __fltr-1\" title=\"\">\n\t\t\t\t\t<img loading=\"lazy\" decoding=\"async\" width=\"768\" height=\"768\" src=\"https:\/\/www.kosekonak.com\/wp-content\/uploads\/2024\/03\/InstagramPost_03_02-768x768.jpg\" class=\"elementor-animation-grow\" alt=\"\" srcset=\"https:\/\/www.kosekonak.com\/wp-content\/uploads\/2024\/03\/InstagramPost_03_02-768x768.jpg 768w, https:\/\/www.kosekonak.com\/wp-content\/uploads\/2024\/03\/InstagramPost_03_02-300x300.jpg 300w, https:\/\/www.kosekonak.com\/wp-content\/uploads\/2024\/03\/InstagramPost_03_02-1024x1024.jpg 1024w, https:\/\/www.kosekonak.com\/wp-content\/uploads\/2024\/03\/InstagramPost_03_02-150x150.jpg 150w, https:\/\/www.kosekonak.com\/wp-content\/uploads\/2024\/03\/InstagramPost_03_02-1536x1536.jpg 1536w, https:\/\/www.kosekonak.com\/wp-content\/uploads\/2024\/03\/InstagramPost_03_02.jpg 1688w\" sizes=\"auto, (max-width: 768px) 100vw, 768px\" \/>\t\t\t\t<\/a>\n\t\t\t\t\t\t\t<a href=\"#\" data-mfp-src=\"https:\/\/www.kosekonak.com\/wp-content\/uploads\/2024\/03\/InstagramPost_03_0-1024x1024.jpg\" class=\"ha-justified-grid__item ha-js-lightbox __fltr-1\" title=\"\">\n\t\t\t\t\t<img loading=\"lazy\" decoding=\"async\" width=\"768\" height=\"768\" src=\"https:\/\/www.kosekonak.com\/wp-content\/uploads\/2024\/03\/InstagramPost_03_0-768x768.jpg\" class=\"elementor-animation-grow\" alt=\"\" srcset=\"https:\/\/www.kosekonak.com\/wp-content\/uploads\/2024\/03\/InstagramPost_03_0-768x768.jpg 768w, https:\/\/www.kosekonak.com\/wp-content\/uploads\/2024\/03\/InstagramPost_03_0-300x300.jpg 300w, https:\/\/www.kosekonak.com\/wp-content\/uploads\/2024\/03\/InstagramPost_03_0-1024x1024.jpg 1024w, https:\/\/www.kosekonak.com\/wp-content\/uploads\/2024\/03\/InstagramPost_03_0-150x150.jpg 150w, https:\/\/www.kosekonak.com\/wp-content\/uploads\/2024\/03\/InstagramPost_03_0-1536x1536.jpg 1536w, https:\/\/www.kosekonak.com\/wp-content\/uploads\/2024\/03\/InstagramPost_03_0.jpg 1688w\" sizes=\"auto, (max-width: 768px) 100vw, 768px\" \/>\t\t\t\t<\/a>\n\t\t\t\t\t\t\t<a href=\"#\" data-mfp-src=\"https:\/\/www.kosekonak.com\/wp-content\/uploads\/2023\/10\/pool-with-loggia.png\" class=\"ha-justified-grid__item ha-js-lightbox __fltr-1\" title=\"\">\n\t\t\t\t\t<img loading=\"lazy\" decoding=\"async\" width=\"600\" height=\"400\" src=\"https:\/\/www.kosekonak.com\/wp-content\/uploads\/2023\/10\/pool-with-loggia.png\" class=\"elementor-animation-grow\" alt=\"\" srcset=\"https:\/\/www.kosekonak.com\/wp-content\/uploads\/2023\/10\/pool-with-loggia.png 600w, https:\/\/www.kosekonak.com\/wp-content\/uploads\/2023\/10\/pool-with-loggia-300x200.png 300w\" sizes=\"auto, (max-width: 600px) 100vw, 600px\" \/>\t\t\t\t<\/a>\n\t\t\t\t\t<\/div>\n\n\t\t\t\t<\/div>\n\t\t\t\t<\/div>\n\t\t\t\t\t<\/div>\n\t\t<\/div>\n\t\t\t\t\t\t\t<\/div>\n\t\t<\/section>\n\t\t\t\t\t<\/div>\n\t\t<\/div>\n\t\t\t\t\t\t\t<\/div>\n\t\t<\/section>\n\t\t\t\t\t\t\t<\/div>\n\t\t","protected":false},"excerpt":{"rendered":"<p>Sofistike Bir Huzur Deneyimi Kabanal\u0131 Havuz S K\u00f6\u015fe Konak&#8217;ta Ye\u015fillikler \u0130\u00e7inde Huzurlu Bir Havuz Deneyimi Ala\u00e7at\u0131&#8217;n\u0131n kalbinde yer alan K\u00f6\u015fe Konak, tarihi dokusu ve modern konforuyla misafirlerine unutulmaz bir konaklama [&hellip;]<\/p>\n","protected":false},"author":1,"featured_media":0,"parent":0,"menu_order":0,"comment_status":"closed","ping_status":"closed","template":"elementor_header_footer","meta":{"footnotes":""},"class_list":["post-1058","page","type-page","status-publish","hentry"],"_links":{"self":[{"href":"https:\/\/www.kosekonak.com\/tr\/wp-json\/wp\/v2\/pages\/1058","targetHints":{"allow":["GET"]}}],"collection":[{"href":"https:\/\/www.kosekonak.com\/tr\/wp-json\/wp\/v2\/pages"}],"about":[{"href":"https:\/\/www.kosekonak.com\/tr\/wp-json\/wp\/v2\/types\/page"}],"author":[{"embeddable":true,"href":"https:\/\/www.kosekonak.com\/tr\/wp-json\/wp\/v2\/users\/1"}],"replies":[{"embeddable":true,"href":"https:\/\/www.kosekonak.com\/tr\/wp-json\/wp\/v2\/comments?post=1058"}],"version-history":[{"count":11,"href":"https:\/\/www.kosekonak.com\/tr\/wp-json\/wp\/v2\/pages\/1058\/revisions"}],"predecessor-version":[{"id":1327,"href":"https:\/\/www.kosekonak.com\/tr\/wp-json\/wp\/v2\/pages\/1058\/revisions\/1327"}],"wp:attachment":[{"href":"https:\/\/www.kosekonak.com\/tr\/wp-json\/wp\/v2\/media?parent=1058"}],"curies":[{"name":"wp","href":"https:\/\/api.w.org\/{rel}","templated":true}]}}