{"id":1065,"date":"2024-03-08T23:28:27","date_gmt":"2024-03-08T23:28:27","guid":{"rendered":"https:\/\/www.kosekonak.com\/bahce-avlu\/"},"modified":"2024-03-12T07:19:00","modified_gmt":"2024-03-12T07:19:00","slug":"bahce-avlu","status":"publish","type":"page","link":"https:\/\/www.kosekonak.com\/tr\/bahce-avlu\/","title":{"rendered":"Bah\u00e7e &amp; Avlu"},"content":{"rendered":"\t\t<div data-elementor-type=\"wp-page\" data-elementor-id=\"1065\" class=\"elementor elementor-1065 elementor-1060\">\n\t\t\t\t\t\t\t\t\t<section class=\"elementor-section elementor-top-section elementor-element elementor-element-349cf4e6 elementor-section-full_width elementor-section-height-min-height elementor-section-height-default elementor-section-items-middle\" data-id=\"349cf4e6\" data-element_type=\"section\" data-settings=\"{&quot;background_background&quot;:&quot;classic&quot;,&quot;_ha_eqh_enable&quot;:false}\">\n\t\t\t\t\t\t\t<div class=\"elementor-background-overlay\"><\/div>\n\t\t\t\t\t\t\t<div class=\"elementor-container elementor-column-gap-default\">\n\t\t\t\t\t<div class=\"elementor-column elementor-col-100 elementor-top-column elementor-element elementor-element-4950654d\" data-id=\"4950654d\" data-element_type=\"column\">\n\t\t\t<div class=\"elementor-widget-wrap elementor-element-populated\">\n\t\t\t\t\t\t\t\t<div class=\"elementor-element elementor-element-782b557f premium-header-block elementor-widget elementor-widget-premium-addon-dual-header\" data-id=\"782b557f\" data-element_type=\"widget\" data-widget_type=\"premium-addon-dual-header.default\">\n\t\t\t\t<div class=\"elementor-widget-container\">\n\t\t\t\r\n\t\t\t\t\t<h1 class=\"premium-dual-header-first-header \"><span class=\"premium-dual-header-first-span\">Ye\u015fil Bir Vaha <\/span><span class=\"premium-dual-header-second-header \">Ege'de Bir Cennet<\/span><\/h1> \t\t\r\n\t\t\t\t<\/div>\n\t\t\t\t<\/div>\n\t\t\t\t<div class=\"elementor-element elementor-element-695598d2 elementor-widget elementor-widget-heading\" data-id=\"695598d2\" data-element_type=\"widget\" data-widget_type=\"heading.default\">\n\t\t\t\t<div class=\"elementor-widget-container\">\n\t\t\t<style>\/*! elementor - v3.16.0 - 17-10-2023 *\/\n.elementor-heading-title{padding:0;margin:0;line-height:1}.elementor-widget-heading .elementor-heading-title[class*=elementor-size-]>a{color:inherit;font-size:inherit;line-height:inherit}.elementor-widget-heading .elementor-heading-title.elementor-size-small{font-size:15px}.elementor-widget-heading .elementor-heading-title.elementor-size-medium{font-size:19px}.elementor-widget-heading .elementor-heading-title.elementor-size-large{font-size:29px}.elementor-widget-heading .elementor-heading-title.elementor-size-xl{font-size:39px}.elementor-widget-heading .elementor-heading-title.elementor-size-xxl{font-size:59px}<\/style><h2 class=\"elementor-heading-title elementor-size-default\">Bah\u00e7e &amp; KAleyard<\/h2>\t\t<\/div>\n\t\t\t\t<\/div>\n\t\t\t\t<div class=\"elementor-element elementor-element-473b11b8 elementor-widget elementor-widget-heading\" data-id=\"473b11b8\" data-element_type=\"widget\" data-widget_type=\"heading.default\">\n\t\t\t\t<div class=\"elementor-widget-container\">\n\t\t\t<h1 class=\"elementor-heading-title elementor-size-default\">E<\/h1>\t\t<\/div>\n\t\t\t\t<\/div>\n\t\t\t\t\t<\/div>\n\t\t<\/div>\n\t\t\t\t\t\t\t<\/div>\n\t\t<\/section>\n\t\t\t\t<section class=\"elementor-section elementor-top-section elementor-element elementor-element-1cbb676f elementor-section-boxed elementor-section-height-default elementor-section-height-default\" data-id=\"1cbb676f\" data-element_type=\"section\" data-settings=\"{&quot;_ha_eqh_enable&quot;:false}\">\n\t\t\t\t\t\t<div class=\"elementor-container elementor-column-gap-default\">\n\t\t\t\t\t<div class=\"elementor-column elementor-col-100 elementor-top-column elementor-element elementor-element-2de2fdc8\" data-id=\"2de2fdc8\" data-element_type=\"column\">\n\t\t\t<div class=\"elementor-widget-wrap elementor-element-populated\">\n\t\t\t\t\t\t\t\t<section class=\"elementor-section elementor-inner-section elementor-element elementor-element-45f1eaad elementor-section-boxed elementor-section-height-default elementor-section-height-default\" data-id=\"45f1eaad\" data-element_type=\"section\" data-settings=\"{&quot;_ha_eqh_enable&quot;:false}\">\n\t\t\t\t\t\t<div class=\"elementor-container elementor-column-gap-default\">\n\t\t\t\t\t<div class=\"elementor-column elementor-col-100 elementor-inner-column elementor-element elementor-element-41f60572\" data-id=\"41f60572\" data-element_type=\"column\">\n\t\t\t<div class=\"elementor-widget-wrap elementor-element-populated\">\n\t\t\t\t\t\t\t\t<div class=\"elementor-element elementor-element-42bfd585 elementor-widget elementor-widget-text-editor\" data-id=\"42bfd585\" data-element_type=\"widget\" data-widget_type=\"text-editor.default\">\n\t\t\t\t<div class=\"elementor-widget-container\">\n\t\t\t<style>\/*! elementor - v3.16.0 - 17-10-2023 *\/\n.elementor-widget-text-editor.elementor-drop-cap-view-stacked .elementor-drop-cap{background-color:#69727d;color:#fff}.elementor-widget-text-editor.elementor-drop-cap-view-framed .elementor-drop-cap{color:#69727d;border:3px solid;background-color:transparent}.elementor-widget-text-editor:not(.elementor-drop-cap-view-default) .elementor-drop-cap{margin-top:8px}.elementor-widget-text-editor:not(.elementor-drop-cap-view-default) .elementor-drop-cap-letter{width:1em;height:1em}.elementor-widget-text-editor .elementor-drop-cap{float:left;text-align:center;line-height:1;font-size:50px}.elementor-widget-text-editor .elementor-drop-cap-letter{display:inline-block}<\/style>\t\t\t\t<h2 data-sourcepos=\"1:1-1:42\"><span style=\"color: #999999;\">Ye\u015fil Bir Vaha: K\u00f6\u015fe Konak&#8217;\u0131n Bah\u00e7esi<\/span><\/h2>\n<p data-sourcepos=\"3:1-3:278\">K\u00f6\u015fe Konak&#8217;\u0131n kalbinde yer alan yemye\u015fil bah\u00e7emiz, misafirlerimize huzurlu ve sakin bir ortam sunuyor. Zeytin a\u011fa\u00e7lar\u0131n\u0131n g\u00f6lgesinde, limon a\u011fa\u00e7lar\u0131n\u0131n kokusu ve begonvillerin rengarenk \u00e7i\u00e7ekleri aras\u0131nda dinlenmek ve do\u011fayla i\u00e7 i\u00e7e olmak i\u00e7in ideal bir yerdir.<\/p>\n<p data-sourcepos=\"5:1-5:39\"><strong>Zeytin A\u011fa\u00e7lar\u0131n\u0131n Tarihi Dokunu\u015fu<\/strong><\/p>\n<p data-sourcepos=\"7:1-7:225\">Bah\u00e7emize girdi\u011finizde sizi kar\u015f\u0131layan as\u0131rl\u0131k zeytin a\u011fa\u00e7lar\u0131 tarihi bir atmosfer yarat\u0131yor. Bu g\u00f6rkemli a\u011fa\u00e7lar g\u00f6lgeleriyle serin bir ortam sunarken, do\u011fan\u0131n g\u00fcc\u00fcn\u00fc ve asaletini de hissettiriyor.<\/p>\n<p data-sourcepos=\"9:1-9:34\"><strong>Limon A\u011fa\u00e7lar\u0131n\u0131n Taptaze Kokusu<\/strong><\/p>\n<p data-sourcepos=\"11:1-11:185\">Bah\u00e7emizin bir k\u00f6\u015fesinde yer alan limon a\u011fa\u00e7lar\u0131 misafirlerimize ferah bir koku sunuyor. Limon \u00e7i\u00e7eklerinin ho\u015f kokusu ve sar\u0131 limonlar\u0131n canl\u0131 rengi bah\u00e7emize ayr\u0131 bir g\u00fczellik katar.<\/p>\n<p data-sourcepos=\"13:1-13:40\"><strong>Begonvillerle Bir Renk c\u00fcmb\u00fc\u015f\u00fc<\/strong><\/p>\n<p data-sourcepos=\"15:1-15:183\">Bah\u00e7emizin duvarlar\u0131n\u0131 s\u00fcsleyen begonviller rengarenk \u00e7i\u00e7ekleriyle g\u00f6z kama\u015ft\u0131r\u0131yor. Pembe, k\u0131rm\u0131z\u0131, mor ve beyaz tonlar\u0131ndaki begonviller bah\u00e7emize ne\u015fe ve canl\u0131l\u0131k katar.<\/p>\n<p data-sourcepos=\"17:1-17:34\"><strong>Yaseminlerin Ho\u015f Kokusu<\/strong><\/p>\n<p data-sourcepos=\"19:1-19:208\">Bah\u00e7emizin havas\u0131n\u0131 dolduran yasemin kokusu misafirlerimize huzur ve dinginlik veriyor. Yaseminlerin beyaz \u00e7i\u00e7ekleri, begonvillerin renkleriyle uyum i\u00e7inde bah\u00e7emize romantik bir hava kat\u0131yor.<\/p>\n<p data-sourcepos=\"21:1-21:31\"><strong>\u00c7i\u00e7eklerin Renkli D\u00fcnyas\u0131<\/strong><\/p>\n<p data-sourcepos=\"23:1-23:200\">Bah\u00e7emizi s\u00fcsleyen \u00e7e\u015fit \u00e7e\u015fit \u00e7i\u00e7ekler, renkleri ve kokular\u0131yla misafirlerimizi b\u00fcy\u00fcl\u00fcyor. G\u00fcl, karanfil, lale ve s\u00fcmb\u00fcl gibi \u00e7i\u00e7ekler bah\u00e7emize ayr\u0131 bir g\u00fczellik ve canl\u0131l\u0131k katar.<\/p>\n<p data-sourcepos=\"25:1-25:219\"><strong>K\u00f6\u015fe Konak&#8217;\u0131n bah\u00e7esi do\u011fayla i\u00e7 i\u00e7e olmak ve huzur bulmak i\u00e7in ideal bir yer. Ye\u015fillikler aras\u0131nda dinlenmek, limon ve yasemin kokular\u0131n\u0131 i\u00e7inize \u00e7ekmek ve rengarenk \u00e7i\u00e7eklerin g\u00fczelli\u011fine hayran olmak i\u00e7in K\u00f6\u015fe Konak&#8217;\u0131 ziyaret edin.<\/strong><\/p>\n\t\t\t\t\t\t<\/div>\n\t\t\t\t<\/div>\n\t\t\t\t<div class=\"elementor-element elementor-element-8cbe30d elementor-widget elementor-widget-ha-justified-gallery happy-addon ha-justified-gallery\" data-id=\"8cbe30d\" data-element_type=\"widget\" data-settings=\"{&quot;row_height&quot;:{&quot;unit&quot;:&quot;px&quot;,&quot;size&quot;:150,&quot;sizes&quot;:[]},&quot;margins&quot;:{&quot;unit&quot;:&quot;px&quot;,&quot;size&quot;:10,&quot;sizes&quot;:[]},&quot;last_row&quot;:&quot;justify&quot;,&quot;enable_popup&quot;:&quot;yes&quot;}\" data-widget_type=\"ha-justified-gallery.default\">\n\t\t\t\t<div class=\"elementor-widget-container\">\n\t\t\t\n\t\t<div class=\"ha-justified-grid__wrap hajs-justified-grid\">\n\t\t\t\t\t\t\t<a href=\"#\" data-mfp-src=\"https:\/\/www.kosekonak.com\/wp-content\/uploads\/2024\/03\/1E3A1413-1024x683.jpg\" class=\"ha-justified-grid__item ha-js-lightbox __fltr-1\" title=\"\">\n\t\t\t\t\t<img loading=\"lazy\" decoding=\"async\" width=\"768\" height=\"512\" src=\"https:\/\/www.kosekonak.com\/wp-content\/uploads\/2024\/03\/1E3A1413-768x512.jpg\" class=\"elementor-animation-grow\" alt=\"\" srcset=\"https:\/\/www.kosekonak.com\/wp-content\/uploads\/2024\/03\/1E3A1413-768x512.jpg 768w, https:\/\/www.kosekonak.com\/wp-content\/uploads\/2024\/03\/1E3A1413-300x200.jpg 300w, https:\/\/www.kosekonak.com\/wp-content\/uploads\/2024\/03\/1E3A1413-1024x683.jpg 1024w, https:\/\/www.kosekonak.com\/wp-content\/uploads\/2024\/03\/1E3A1413-1536x1024.jpg 1536w, https:\/\/www.kosekonak.com\/wp-content\/uploads\/2024\/03\/1E3A1413-2048x1365.jpg 2048w\" sizes=\"auto, (max-width: 768px) 100vw, 768px\" \/>\t\t\t\t<\/a>\n\t\t\t\t\t\t\t<a href=\"#\" data-mfp-src=\"https:\/\/www.kosekonak.com\/wp-content\/uploads\/2024\/03\/1E3A1312-1024x683.jpg\" class=\"ha-justified-grid__item ha-js-lightbox __fltr-1\" title=\"\">\n\t\t\t\t\t<img loading=\"lazy\" decoding=\"async\" width=\"768\" height=\"512\" src=\"https:\/\/www.kosekonak.com\/wp-content\/uploads\/2024\/03\/1E3A1312-768x512.jpg\" class=\"elementor-animation-grow\" alt=\"\" srcset=\"https:\/\/www.kosekonak.com\/wp-content\/uploads\/2024\/03\/1E3A1312-768x512.jpg 768w, https:\/\/www.kosekonak.com\/wp-content\/uploads\/2024\/03\/1E3A1312-300x200.jpg 300w, https:\/\/www.kosekonak.com\/wp-content\/uploads\/2024\/03\/1E3A1312-1024x683.jpg 1024w, https:\/\/www.kosekonak.com\/wp-content\/uploads\/2024\/03\/1E3A1312-1536x1024.jpg 1536w, https:\/\/www.kosekonak.com\/wp-content\/uploads\/2024\/03\/1E3A1312-2048x1365.jpg 2048w\" sizes=\"auto, (max-width: 768px) 100vw, 768px\" \/>\t\t\t\t<\/a>\n\t\t\t\t\t\t\t<a href=\"#\" data-mfp-src=\"https:\/\/www.kosekonak.com\/wp-content\/uploads\/2024\/03\/1E3A1304-1024x683.jpg\" class=\"ha-justified-grid__item ha-js-lightbox __fltr-1\" title=\"\">\n\t\t\t\t\t<img loading=\"lazy\" decoding=\"async\" width=\"768\" height=\"512\" src=\"https:\/\/www.kosekonak.com\/wp-content\/uploads\/2024\/03\/1E3A1304-768x512.jpg\" class=\"elementor-animation-grow\" alt=\"\" srcset=\"https:\/\/www.kosekonak.com\/wp-content\/uploads\/2024\/03\/1E3A1304-768x512.jpg 768w, https:\/\/www.kosekonak.com\/wp-content\/uploads\/2024\/03\/1E3A1304-300x200.jpg 300w, https:\/\/www.kosekonak.com\/wp-content\/uploads\/2024\/03\/1E3A1304-1024x683.jpg 1024w, https:\/\/www.kosekonak.com\/wp-content\/uploads\/2024\/03\/1E3A1304-1536x1024.jpg 1536w, https:\/\/www.kosekonak.com\/wp-content\/uploads\/2024\/03\/1E3A1304-2048x1365.jpg 2048w\" sizes=\"auto, (max-width: 768px) 100vw, 768px\" \/>\t\t\t\t<\/a>\n\t\t\t\t\t\t\t<a href=\"#\" data-mfp-src=\"https:\/\/www.kosekonak.com\/wp-content\/uploads\/2024\/03\/1E3A1324-1024x683.jpg\" class=\"ha-justified-grid__item ha-js-lightbox __fltr-1\" title=\"\">\n\t\t\t\t\t<img loading=\"lazy\" decoding=\"async\" width=\"768\" height=\"512\" src=\"https:\/\/www.kosekonak.com\/wp-content\/uploads\/2024\/03\/1E3A1324-768x512.jpg\" class=\"elementor-animation-grow\" alt=\"\" srcset=\"https:\/\/www.kosekonak.com\/wp-content\/uploads\/2024\/03\/1E3A1324-768x512.jpg 768w, https:\/\/www.kosekonak.com\/wp-content\/uploads\/2024\/03\/1E3A1324-300x200.jpg 300w, https:\/\/www.kosekonak.com\/wp-content\/uploads\/2024\/03\/1E3A1324-1024x683.jpg 1024w, https:\/\/www.kosekonak.com\/wp-content\/uploads\/2024\/03\/1E3A1324-1536x1024.jpg 1536w, https:\/\/www.kosekonak.com\/wp-content\/uploads\/2024\/03\/1E3A1324-2048x1365.jpg 2048w\" sizes=\"auto, (max-width: 768px) 100vw, 768px\" \/>\t\t\t\t<\/a>\n\t\t\t\t\t\t\t<a href=\"#\" data-mfp-src=\"https:\/\/www.kosekonak.com\/wp-content\/uploads\/2024\/03\/1E3A1328-1024x683.jpg\" class=\"ha-justified-grid__item ha-js-lightbox __fltr-1\" title=\"\">\n\t\t\t\t\t<img loading=\"lazy\" decoding=\"async\" width=\"768\" height=\"512\" src=\"https:\/\/www.kosekonak.com\/wp-content\/uploads\/2024\/03\/1E3A1328-768x512.jpg\" class=\"elementor-animation-grow\" alt=\"\" srcset=\"https:\/\/www.kosekonak.com\/wp-content\/uploads\/2024\/03\/1E3A1328-768x512.jpg 768w, https:\/\/www.kosekonak.com\/wp-content\/uploads\/2024\/03\/1E3A1328-300x200.jpg 300w, https:\/\/www.kosekonak.com\/wp-content\/uploads\/2024\/03\/1E3A1328-1024x683.jpg 1024w, https:\/\/www.kosekonak.com\/wp-content\/uploads\/2024\/03\/1E3A1328-1536x1024.jpg 1536w, https:\/\/www.kosekonak.com\/wp-content\/uploads\/2024\/03\/1E3A1328-2048x1365.jpg 2048w\" sizes=\"auto, (max-width: 768px) 100vw, 768px\" \/>\t\t\t\t<\/a>\n\t\t\t\t\t\t\t<a href=\"#\" data-mfp-src=\"https:\/\/www.kosekonak.com\/wp-content\/uploads\/2024\/03\/1E3A1330-1024x683.jpg\" class=\"ha-justified-grid__item ha-js-lightbox __fltr-1\" title=\"\">\n\t\t\t\t\t<img loading=\"lazy\" decoding=\"async\" width=\"768\" height=\"512\" src=\"https:\/\/www.kosekonak.com\/wp-content\/uploads\/2024\/03\/1E3A1330-768x512.jpg\" class=\"elementor-animation-grow\" alt=\"\" srcset=\"https:\/\/www.kosekonak.com\/wp-content\/uploads\/2024\/03\/1E3A1330-768x512.jpg 768w, https:\/\/www.kosekonak.com\/wp-content\/uploads\/2024\/03\/1E3A1330-300x200.jpg 300w, https:\/\/www.kosekonak.com\/wp-content\/uploads\/2024\/03\/1E3A1330-1024x683.jpg 1024w, https:\/\/www.kosekonak.com\/wp-content\/uploads\/2024\/03\/1E3A1330-1536x1024.jpg 1536w, https:\/\/www.kosekonak.com\/wp-content\/uploads\/2024\/03\/1E3A1330-2048x1365.jpg 2048w\" sizes=\"auto, (max-width: 768px) 100vw, 768px\" \/>\t\t\t\t<\/a>\n\t\t\t\t\t\t\t<a href=\"#\" data-mfp-src=\"https:\/\/www.kosekonak.com\/wp-content\/uploads\/2024\/03\/1E3A1333-1024x683.jpg\" class=\"ha-justified-grid__item ha-js-lightbox __fltr-1\" title=\"\">\n\t\t\t\t\t<img loading=\"lazy\" decoding=\"async\" width=\"768\" height=\"512\" src=\"https:\/\/www.kosekonak.com\/wp-content\/uploads\/2024\/03\/1E3A1333-768x512.jpg\" class=\"elementor-animation-grow\" alt=\"\" srcset=\"https:\/\/www.kosekonak.com\/wp-content\/uploads\/2024\/03\/1E3A1333-768x512.jpg 768w, https:\/\/www.kosekonak.com\/wp-content\/uploads\/2024\/03\/1E3A1333-300x200.jpg 300w, https:\/\/www.kosekonak.com\/wp-content\/uploads\/2024\/03\/1E3A1333-1024x683.jpg 1024w, https:\/\/www.kosekonak.com\/wp-content\/uploads\/2024\/03\/1E3A1333-1536x1024.jpg 1536w, https:\/\/www.kosekonak.com\/wp-content\/uploads\/2024\/03\/1E3A1333-2048x1365.jpg 2048w\" sizes=\"auto, (max-width: 768px) 100vw, 768px\" \/>\t\t\t\t<\/a>\n\t\t\t\t\t<\/div>\n\n\t\t\t\t<\/div>\n\t\t\t\t<\/div>\n\t\t\t\t\t<\/div>\n\t\t<\/div>\n\t\t\t\t\t\t\t<\/div>\n\t\t<\/section>\n\t\t\t\t\t<\/div>\n\t\t<\/div>\n\t\t\t\t\t\t\t<\/div>\n\t\t<\/section>\n\t\t\t\t\t\t\t<\/div>\n\t\t","protected":false},"excerpt":{"rendered":"<p>Ye\u015fil Bir Vaha Ege&#8217;de Bir Cennet Bah\u00e7e &amp; KAleyard E Ye\u015fil Bir Vaha: K\u00f6\u015fe Konak&#8217;\u0131n Bah\u00e7esi K\u00f6\u015fe Konak&#8217;\u0131n kalbinde yer alan yemye\u015fil bah\u00e7emiz, misafirlerimize huzurlu ve sakin bir ortam sunuyor. [&hellip;]<\/p>\n","protected":false},"author":1,"featured_media":0,"parent":0,"menu_order":0,"comment_status":"closed","ping_status":"closed","template":"elementor_header_footer","meta":{"footnotes":""},"class_list":["post-1065","page","type-page","status-publish","hentry"],"_links":{"self":[{"href":"https:\/\/www.kosekonak.com\/tr\/wp-json\/wp\/v2\/pages\/1065","targetHints":{"allow":["GET"]}}],"collection":[{"href":"https:\/\/www.kosekonak.com\/tr\/wp-json\/wp\/v2\/pages"}],"about":[{"href":"https:\/\/www.kosekonak.com\/tr\/wp-json\/wp\/v2\/types\/page"}],"author":[{"embeddable":true,"href":"https:\/\/www.kosekonak.com\/tr\/wp-json\/wp\/v2\/users\/1"}],"replies":[{"embeddable":true,"href":"https:\/\/www.kosekonak.com\/tr\/wp-json\/wp\/v2\/comments?post=1065"}],"version-history":[{"count":5,"href":"https:\/\/www.kosekonak.com\/tr\/wp-json\/wp\/v2\/pages\/1065\/revisions"}],"predecessor-version":[{"id":1354,"href":"https:\/\/www.kosekonak.com\/tr\/wp-json\/wp\/v2\/pages\/1065\/revisions\/1354"}],"wp:attachment":[{"href":"https:\/\/www.kosekonak.com\/tr\/wp-json\/wp\/v2\/media?parent=1065"}],"curies":[{"name":"wp","href":"https:\/\/api.w.org\/{rel}","templated":true}]}}