{"id":1112,"date":"2024-03-09T00:24:29","date_gmt":"2024-03-09T00:24:29","guid":{"rendered":"https:\/\/www.kosekonak.com\/blog\/"},"modified":"2024-03-09T00:29:12","modified_gmt":"2024-03-09T00:29:12","slug":"blog","status":"publish","type":"page","link":"https:\/\/www.kosekonak.com\/tr\/blog\/","title":{"rendered":"Blog"},"content":{"rendered":"\t\t<div data-elementor-type=\"wp-page\" data-elementor-id=\"1112\" class=\"elementor elementor-1112 elementor-1107\">\n\t\t\t\t\t\t\t<div class=\"elementor-element elementor-element-52c7d32 e-flex e-con-boxed e-con e-parent\" data-id=\"52c7d32\" data-element_type=\"container\" data-settings=\"{&quot;content_width&quot;:&quot;boxed&quot;}\" data-core-v316-plus=\"true\">\n\t\t\t\t\t<div class=\"e-con-inner\">\n\t\t\t\t<div class=\"elementor-element elementor-element-b8137a6 elementor-widget elementor-widget-ha-post-tab happy-addon ha-post-tab\" data-id=\"b8137a6\" data-element_type=\"widget\" data-widget_type=\"ha-post-tab.default\">\n\t\t\t\t<div class=\"elementor-widget-container\">\n\t\t\t\t\t\t<div class=\"ha-post-tab ha-post-tab-top ha-post-tab-grid- ha-post-tab-grid-tablet-3 ha-post-tab-grid-mobile-1\" data-query-args=\"{&quot;post_type&quot;:&quot;post&quot;,&quot;taxonomy&quot;:&quot;category&quot;,&quot;item_limit&quot;:100,&quot;orderby&quot;:&quot;date&quot;,&quot;order&quot;:&quot;desc&quot;,&quot;show_user_meta&quot;:&quot;no&quot;,&quot;show_date_meta&quot;:&quot;no&quot;,&quot;excerpt&quot;:&quot;no&quot;,&quot;title_tag&quot;:&quot;h2&quot;}\" data-event=\"click\">\n\t\t\t\t<ul class=\"ha-post-tab-filter ha-text--center\">\n\t\t\t\t\t\t\t\t\t\t\t\t\t\t\t\t\t\t<li class=\"active\"\n\t\t\t\t\t\t\t\tdata-term=\"37\">\u00c7e\u015fme, Ala\u00e7at\u0131 Rehberi<\/li>\n\t\t\t\t\t\t\t\t\t\t\t\t\t\t\t<\/ul>\n\t\t\t\t<div class=\"ha-post-tab-content\">\n\t\t\t\t\t<div class=\"ha-post-tab-item-wrapper active\"\t\t\t\t\t\tdata-term=\" 11\">\n\t\t\t\t\t\t\t\t\t\t\t\t\t<div class=\"ha-post-tab-item\">\n\t\t\t\t\t\t\t\t<div class=\"ha-post-tab-item-inner\">\n\t\t\t\t\t\t\t\t\t\t\t\t\t\t\t\t\t\t\t<a href=\"https:\/\/www.kosekonak.com\/tr\/alacati-kemalpasa-caddesi-tarih-ve-eglencenin-bulustugu-yer\/\"\n\t\t\t\t\t\t\t\t\t\t   class=\"ha-post-tab-thumb\">\n\t\t\t\t\t\t\t\t\t\t\t<img loading=\"lazy\" decoding=\"async\" width=\"1170\" height=\"650\" src=\"https:\/\/www.kosekonak.com\/wp-content\/uploads\/2024\/03\/wind-mills_alacati-1.jpeg\" class=\"attachment-full size-full wp-post-image\" alt=\"\" srcset=\"https:\/\/www.kosekonak.com\/wp-content\/uploads\/2024\/03\/wind-mills_alacati-1.jpeg 1170w, https:\/\/www.kosekonak.com\/wp-content\/uploads\/2024\/03\/wind-mills_alacati-1-300x167.jpeg 300w, https:\/\/www.kosekonak.com\/wp-content\/uploads\/2024\/03\/wind-mills_alacati-1-1024x569.jpeg 1024w, https:\/\/www.kosekonak.com\/wp-content\/uploads\/2024\/03\/wind-mills_alacati-1-768x427.jpeg 768w\" sizes=\"auto, (max-width: 1170px) 100vw, 1170px\" \/>\t\t\t\t\t\t\t\t\t\t<\/a>\n\t\t\t\t\t\t\t\t\t\t\t\t\t\t\t\t\t\t<h2 class=\"ha-post-tab-title\"><a href=\"https:\/\/www.kosekonak.com\/tr\/alacati-kemalpasa-caddesi-tarih-ve-eglencenin-bulustugu-yer\/\">Ala\u00e7at\u0131 Kemalpa\u015fa Caddesi: Tarih ve E\u011flencenin Bulu\u015ftu\u011fu Yer<\/a><\/h2>\n\t\t\t\t\t\t\t\t\t\n\t\t\t\t\t\t\t\t\t\t\t\t\t\t\t\t\t<\/div>\n\t\t\t\t\t\t\t<\/div>\n\t\t\t\t\t\t\t\t\t\t\t\t\t\t<div class=\"ha-post-tab-item\">\n\t\t\t\t\t\t\t\t<div class=\"ha-post-tab-item-inner\">\n\t\t\t\t\t\t\t\t\t\t\t\t\t\t\t\t\t\t\t<a href=\"https:\/\/www.kosekonak.com\/tr\/alacatinin-muhtesem-yel-degirmenleri-tarihe-bir-bakis\/\"\n\t\t\t\t\t\t\t\t\t\t   class=\"ha-post-tab-thumb\">\n\t\t\t\t\t\t\t\t\t\t\t<img loading=\"lazy\" decoding=\"async\" width=\"1170\" height=\"650\" src=\"https:\/\/www.kosekonak.com\/wp-content\/uploads\/2024\/03\/wind-mills_alacati.jpeg\" class=\"attachment-full size-full wp-post-image\" alt=\"\" srcset=\"https:\/\/www.kosekonak.com\/wp-content\/uploads\/2024\/03\/wind-mills_alacati.jpeg 1170w, https:\/\/www.kosekonak.com\/wp-content\/uploads\/2024\/03\/wind-mills_alacati-300x167.jpeg 300w, https:\/\/www.kosekonak.com\/wp-content\/uploads\/2024\/03\/wind-mills_alacati-1024x569.jpeg 1024w, https:\/\/www.kosekonak.com\/wp-content\/uploads\/2024\/03\/wind-mills_alacati-768x427.jpeg 768w\" sizes=\"auto, (max-width: 1170px) 100vw, 1170px\" \/>\t\t\t\t\t\t\t\t\t\t<\/a>\n\t\t\t\t\t\t\t\t\t\t\t\t\t\t\t\t\t\t<h2 class=\"ha-post-tab-title\"><a href=\"https:\/\/www.kosekonak.com\/tr\/alacatinin-muhtesem-yel-degirmenleri-tarihe-bir-bakis\/\">Ala\u00e7at\u0131&#039;n\u0131n Muhte\u015fem Yel De\u011firmenleri: Tarihe Bir Bak\u0131\u015f<\/a><\/h2>\n\t\t\t\t\t\t\t\t\t\n\t\t\t\t\t\t\t\t\t\t\t\t\t\t\t\t\t<\/div>\n\t\t\t\t\t\t\t<\/div>\n\t\t\t\t\t\t\t\t\t\t\t\t\t\t<div class=\"ha-post-tab-item\">\n\t\t\t\t\t\t\t\t<div class=\"ha-post-tab-item-inner\">\n\t\t\t\t\t\t\t\t\t\t\t\t\t\t\t\t\t\t\t<a href=\"https:\/\/www.kosekonak.com\/tr\/alacatida-sorf-yapmanin-heyecanini-kesfedin-okullar-ve-kurslar-hakkinda-bilgi\/\"\n\t\t\t\t\t\t\t\t\t\t   class=\"ha-post-tab-thumb\">\n\t\t\t\t\t\t\t\t\t\t\t<img loading=\"lazy\" decoding=\"async\" width=\"1708\" height=\"1192\" src=\"https:\/\/www.kosekonak.com\/wp-content\/uploads\/2024\/03\/Ekran-Resmi-2024-03-03-15.28.31.png\" class=\"attachment-full size-full wp-post-image\" alt=\"\" srcset=\"https:\/\/www.kosekonak.com\/wp-content\/uploads\/2024\/03\/Ekran-Resmi-2024-03-03-15.28.31.png 1708w, https:\/\/www.kosekonak.com\/wp-content\/uploads\/2024\/03\/Ekran-Resmi-2024-03-03-15.28.31-300x209.png 300w, https:\/\/www.kosekonak.com\/wp-content\/uploads\/2024\/03\/Ekran-Resmi-2024-03-03-15.28.31-1024x715.png 1024w, https:\/\/www.kosekonak.com\/wp-content\/uploads\/2024\/03\/Ekran-Resmi-2024-03-03-15.28.31-768x536.png 768w, https:\/\/www.kosekonak.com\/wp-content\/uploads\/2024\/03\/Ekran-Resmi-2024-03-03-15.28.31-1536x1072.png 1536w\" sizes=\"auto, (max-width: 1708px) 100vw, 1708px\" \/>\t\t\t\t\t\t\t\t\t\t<\/a>\n\t\t\t\t\t\t\t\t\t\t\t\t\t\t\t\t\t\t<h2 class=\"ha-post-tab-title\"><a href=\"https:\/\/www.kosekonak.com\/tr\/alacatida-sorf-yapmanin-heyecanini-kesfedin-okullar-ve-kurslar-hakkinda-bilgi\/\">Ala\u00e7at\u0131&#039;da S\u00f6rf Yapman\u0131n Heyecan\u0131n\u0131 Ke\u015ffedin: Okullar ve Kurslar Hakk\u0131nda Bilgi<\/a><\/h2>\n\t\t\t\t\t\t\t\t\t\n\t\t\t\t\t\t\t\t\t\t\t\t\t\t\t\t\t<\/div>\n\t\t\t\t\t\t\t<\/div>\n\t\t\t\t\t\t\t\t\t\t\t\t\t\t<div class=\"ha-post-tab-item\">\n\t\t\t\t\t\t\t\t<div class=\"ha-post-tab-item-inner\">\n\t\t\t\t\t\t\t\t\t\t\t\t\t\t\t\t\t\t\t<a href=\"https:\/\/www.kosekonak.com\/tr\/alacati-balik-mezati-egenin-taze-lezzetlerini-kesfedin\/\"\n\t\t\t\t\t\t\t\t\t\t   class=\"ha-post-tab-thumb\">\n\t\t\t\t\t\t\t\t\t\t\t<img loading=\"lazy\" decoding=\"async\" width=\"945\" height=\"636\" src=\"https:\/\/www.kosekonak.com\/wp-content\/uploads\/2024\/03\/fish-auction.jpeg\" class=\"attachment-full size-full wp-post-image\" alt=\"\" srcset=\"https:\/\/www.kosekonak.com\/wp-content\/uploads\/2024\/03\/fish-auction.jpeg 945w, https:\/\/www.kosekonak.com\/wp-content\/uploads\/2024\/03\/fish-auction-300x202.jpeg 300w, https:\/\/www.kosekonak.com\/wp-content\/uploads\/2024\/03\/fish-auction-768x517.jpeg 768w\" sizes=\"auto, (max-width: 945px) 100vw, 945px\" \/>\t\t\t\t\t\t\t\t\t\t<\/a>\n\t\t\t\t\t\t\t\t\t\t\t\t\t\t\t\t\t\t<h2 class=\"ha-post-tab-title\"><a href=\"https:\/\/www.kosekonak.com\/tr\/alacati-balik-mezati-egenin-taze-lezzetlerini-kesfedin\/\">Ala\u00e7at\u0131 Bal\u0131k Mezat\u0131: Ege&#039;nin Taze Lezzetlerini Ke\u015ffedin<\/a><\/h2>\n\t\t\t\t\t\t\t\t\t\n\t\t\t\t\t\t\t\t\t\t\t\t\t\t\t\t\t<\/div>\n\t\t\t\t\t\t\t<\/div>\n\t\t\t\t\t\t\t\t\t\t\t\t<\/div>\n\t\t\t\t<\/div>\n\t\t\t<\/div>\n\t\t\t\t\t<\/div>\n\t\t\t\t<\/div>\n\t\t\t\t\t<\/div>\n\t\t\t\t<\/div>\n\t\t\t\t\t\t\t<\/div>\n\t\t","protected":false},"excerpt":{"rendered":"<p>Cesme, Alacati Guide Ala\u00e7at\u0131 Kemalpa\u015fa Street: Where History and Fun Meet The Magnificent Windmills of Ala\u00e7at\u0131: A Glimpse into History Discover the Thrill of Surfing in Ala\u00e7at\u0131: Information on Schools [&hellip;]<\/p>\n","protected":false},"author":1,"featured_media":0,"parent":0,"menu_order":0,"comment_status":"closed","ping_status":"closed","template":"elementor_header_footer","meta":{"footnotes":""},"class_list":["post-1112","page","type-page","status-publish","hentry"],"_links":{"self":[{"href":"https:\/\/www.kosekonak.com\/tr\/wp-json\/wp\/v2\/pages\/1112","targetHints":{"allow":["GET"]}}],"collection":[{"href":"https:\/\/www.kosekonak.com\/tr\/wp-json\/wp\/v2\/pages"}],"about":[{"href":"https:\/\/www.kosekonak.com\/tr\/wp-json\/wp\/v2\/types\/page"}],"author":[{"embeddable":true,"href":"https:\/\/www.kosekonak.com\/tr\/wp-json\/wp\/v2\/users\/1"}],"replies":[{"embeddable":true,"href":"https:\/\/www.kosekonak.com\/tr\/wp-json\/wp\/v2\/comments?post=1112"}],"version-history":[{"count":2,"href":"https:\/\/www.kosekonak.com\/tr\/wp-json\/wp\/v2\/pages\/1112\/revisions"}],"predecessor-version":[{"id":1114,"href":"https:\/\/www.kosekonak.com\/tr\/wp-json\/wp\/v2\/pages\/1112\/revisions\/1114"}],"wp:attachment":[{"href":"https:\/\/www.kosekonak.com\/tr\/wp-json\/wp\/v2\/media?parent=1112"}],"curies":[{"name":"wp","href":"https:\/\/api.w.org\/{rel}","templated":true}]}}