{"id":1351,"date":"2024-03-09T00:42:12","date_gmt":"2024-03-09T00:42:12","guid":{"rendered":"https:\/\/www.kosekonak.com\/hakkimizda\/"},"modified":"2024-03-12T07:18:40","modified_gmt":"2024-03-12T07:18:40","slug":"hakkimizda","status":"publish","type":"page","link":"https:\/\/www.kosekonak.com\/tr\/hakkimizda\/","title":{"rendered":"Hakk\u0131m\u0131zda"},"content":{"rendered":"\t\t<div data-elementor-type=\"wp-page\" data-elementor-id=\"1351\" class=\"elementor elementor-1351 elementor-1116\">\n\t\t\t\t\t\t\t\t\t<section class=\"elementor-section elementor-top-section elementor-element elementor-element-5e7914a6 elementor-section-full_width elementor-section-height-min-height elementor-section-height-default elementor-section-items-middle\" data-id=\"5e7914a6\" data-element_type=\"section\" data-settings=\"{&quot;background_background&quot;:&quot;classic&quot;,&quot;_ha_eqh_enable&quot;:false}\">\n\t\t\t\t\t\t\t<div class=\"elementor-background-overlay\"><\/div>\n\t\t\t\t\t\t\t<div class=\"elementor-container elementor-column-gap-default\">\n\t\t\t\t\t<div class=\"elementor-column elementor-col-100 elementor-top-column elementor-element elementor-element-2d03f3e1\" data-id=\"2d03f3e1\" data-element_type=\"column\">\n\t\t\t<div class=\"elementor-widget-wrap elementor-element-populated\">\n\t\t\t\t\t\t\t\t<div class=\"elementor-element elementor-element-32d920e0 premium-header-block elementor-widget elementor-widget-premium-addon-dual-header\" data-id=\"32d920e0\" data-element_type=\"widget\" data-widget_type=\"premium-addon-dual-header.default\">\n\t\t\t\t<div class=\"elementor-widget-container\">\n\t\t\t\r\n\t\t\t\t\t<h1 class=\"premium-dual-header-first-header \"><span class=\"premium-dual-header-first-span\">Harika vakit ge\u00e7irmeniz i\u00e7in <\/span><\/h1> \t\t\r\n\t\t\t\t<\/div>\n\t\t\t\t<\/div>\n\t\t\t\t<div class=\"elementor-element elementor-element-554bbcb2 elementor-widget elementor-widget-heading\" data-id=\"554bbcb2\" data-element_type=\"widget\" data-widget_type=\"heading.default\">\n\t\t\t\t<div class=\"elementor-widget-container\">\n\t\t\t<style>\/*! elementor - v3.16.0 - 17-10-2023 *\/\n.elementor-heading-title{padding:0;margin:0;line-height:1}.elementor-widget-heading .elementor-heading-title[class*=elementor-size-]>a{color:inherit;font-size:inherit;line-height:inherit}.elementor-widget-heading .elementor-heading-title.elementor-size-small{font-size:15px}.elementor-widget-heading .elementor-heading-title.elementor-size-medium{font-size:19px}.elementor-widget-heading .elementor-heading-title.elementor-size-large{font-size:29px}.elementor-widget-heading .elementor-heading-title.elementor-size-xl{font-size:39px}.elementor-widget-heading .elementor-heading-title.elementor-size-xxl{font-size:59px}<\/style><h2 class=\"elementor-heading-title elementor-size-default\">HAKKIMIZDA<\/h2>\t\t<\/div>\n\t\t\t\t<\/div>\n\t\t\t\t<div class=\"elementor-element elementor-element-2c42346a elementor-widget elementor-widget-heading\" data-id=\"2c42346a\" data-element_type=\"widget\" data-widget_type=\"heading.default\">\n\t\t\t\t<div class=\"elementor-widget-container\">\n\t\t\t<h1 class=\"elementor-heading-title elementor-size-default\">F<\/h1>\t\t<\/div>\n\t\t\t\t<\/div>\n\t\t\t\t\t<\/div>\n\t\t<\/div>\n\t\t\t\t\t\t\t<\/div>\n\t\t<\/section>\n\t\t\t\t<section class=\"elementor-section elementor-top-section elementor-element elementor-element-1fc9918c elementor-section-boxed elementor-section-height-default elementor-section-height-default\" data-id=\"1fc9918c\" data-element_type=\"section\" data-settings=\"{&quot;_ha_eqh_enable&quot;:false}\">\n\t\t\t\t\t\t<div class=\"elementor-container elementor-column-gap-default\">\n\t\t\t\t\t<div class=\"elementor-column elementor-col-50 elementor-top-column elementor-element elementor-element-7869d3ee\" data-id=\"7869d3ee\" data-element_type=\"column\">\n\t\t\t<div class=\"elementor-widget-wrap elementor-element-populated\">\n\t\t\t\t\t\t\t\t<div class=\"elementor-element elementor-element-5c8a365e elementor-widget elementor-widget-heading\" data-id=\"5c8a365e\" data-element_type=\"widget\" data-widget_type=\"heading.default\">\n\t\t\t\t<div class=\"elementor-widget-container\">\n\t\t\t<h2 class=\"elementor-heading-title elementor-size-default\">Hakk\u0131nda<\/h2>\t\t<\/div>\n\t\t\t\t<\/div>\n\t\t\t\t<div class=\"elementor-element elementor-element-45b11c85 premium-header-inline premium-header-block elementor-widget elementor-widget-premium-addon-dual-header\" data-id=\"45b11c85\" data-element_type=\"widget\" data-widget_type=\"premium-addon-dual-header.default\">\n\t\t\t\t<div class=\"elementor-widget-container\">\n\t\t\t\r\n\t\t\t\t\t<h3 class=\"premium-dual-header-first-header \"><span class=\"premium-dual-header-first-span\">Hakk\u0131nda <\/span><span class=\"premium-dual-header-second-header \">Ko\u015fe Konak<\/span><\/h3> \t\t\r\n\t\t\t\t<\/div>\n\t\t\t\t<\/div>\n\t\t\t\t\t<\/div>\n\t\t<\/div>\n\t\t\t\t<div class=\"elementor-column elementor-col-50 elementor-top-column elementor-element elementor-element-493d502f\" data-id=\"493d502f\" data-element_type=\"column\">\n\t\t\t<div class=\"elementor-widget-wrap elementor-element-populated\">\n\t\t\t\t\t\t\t\t<div class=\"elementor-element elementor-element-a3d6d5b elementor-widget elementor-widget-text-editor\" data-id=\"a3d6d5b\" data-element_type=\"widget\" data-widget_type=\"text-editor.default\">\n\t\t\t\t<div class=\"elementor-widget-container\">\n\t\t\t<style>\/*! elementor - v3.16.0 - 17-10-2023 *\/\n.elementor-widget-text-editor.elementor-drop-cap-view-stacked .elementor-drop-cap{background-color:#69727d;color:#fff}.elementor-widget-text-editor.elementor-drop-cap-view-framed .elementor-drop-cap{color:#69727d;border:3px solid;background-color:transparent}.elementor-widget-text-editor:not(.elementor-drop-cap-view-default) .elementor-drop-cap{margin-top:8px}.elementor-widget-text-editor:not(.elementor-drop-cap-view-default) .elementor-drop-cap-letter{width:1em;height:1em}.elementor-widget-text-editor .elementor-drop-cap{float:left;text-align:center;line-height:1;font-size:50px}.elementor-widget-text-editor .elementor-drop-cap-letter{display:inline-block}<\/style>\t\t\t\t<h2 data-sourcepos=\"1:1-1:11\">Hakk\u0131m\u0131zda<\/h2>\n<p data-sourcepos=\"3:1-3:177\"><strong>K\u00f6\u015fe Konak<\/strong> 2016 y\u0131l\u0131ndan bu yana konaklama sekt\u00f6r\u00fcnde faaliyet g\u00f6stermektedir. Misafirlerimize en iyi hizmeti sunmay\u0131 ve sekt\u00f6rde lider olmay\u0131 hedefliyoruz.<\/p>\n<p data-sourcepos=\"5:1-5:15\"><strong>De\u011ferlerimiz:<\/strong><\/p>\n<ul data-sourcepos=\"7:1-12:0\">\n<li data-sourcepos=\"7:1-7:182\"><strong>Misafir Memnuniyeti:<\/strong> Misafirlerimizin memnuniyeti bizim i\u00e7in en \u00f6nemli \u00f6nceliktir. Bu nedenle t\u00fcm faaliyetlerimizi misafirlerimizin ihtiya\u00e7 ve beklentilerini kar\u015f\u0131layacak \u015fekilde y\u00fcr\u00fct\u00fcyoruz.<\/li>\n<li data-sourcepos=\"8:1-8:181\"><strong>Kalite:<\/strong> Sundu\u011fumuz t\u00fcm \u00fcr\u00fcn ve hizmetlerde en y\u00fcksek kaliteyi elde etmek i\u00e7in \u00e7al\u0131\u015f\u0131yoruz. Kaliteli \u00fcr\u00fcn ve hizmetler sunarak misafirlerimizin g\u00fcvenini kazanmay\u0131 hedefliyoruz.<\/li>\n<li data-sourcepos=\"9:1-9:186\"><strong>G\u00fcvenilirlik:<\/strong> G\u00fcvenilirlik en \u00f6nemli de\u011ferlerimizden biridir. Misafirlerimizin g\u00fcvenini kazanmak i\u00e7in t\u00fcm i\u015f s\u00fcre\u00e7lerimizde \u015feffafl\u0131k ve d\u00fcr\u00fcstl\u00fck ilkelerine ba\u011fl\u0131y\u0131z.<\/li>\n<li data-sourcepos=\"10:1-10:167\"><strong>Yenilik\u00e7ilik:<\/strong> S\u00fcrekli yenilik aray\u0131\u015f\u0131nday\u0131z. Sekt\u00f6rdeki geli\u015fmeleri yak\u0131ndan takip ediyor, misafirlerimize en yeni ve en iyi \u00e7\u00f6z\u00fcmleri sunmay\u0131 hedefliyoruz.<\/li>\n<li data-sourcepos=\"11:1-12:0\"><strong>Tak\u0131m \u00c7al\u0131\u015fmas\u0131:<\/strong> Ba\u015far\u0131n\u0131n ekip \u00e7al\u0131\u015fmas\u0131ndan geldi\u011fine inan\u0131yoruz. Bu nedenle t\u00fcm \u00e7al\u0131\u015fanlar\u0131m\u0131zla bir aile ortam\u0131 i\u00e7inde \u00e7al\u0131\u015farak ortak hedeflerimize ula\u015fmak i\u00e7in \u00e7aba g\u00f6steriyoruz.<\/li>\n<\/ul>\n<p data-sourcepos=\"19:1-19:162\">\n<p data-sourcepos=\"25:1-25:123\"><strong>Misafirlerimizin g\u00fcven ve deste\u011fini her zaman takdir ediyoruz. Onlar\u0131n memnuniyetini sa\u011flamak i\u00e7in elimizden geleni yapmaya devam edece\u011fiz.<\/strong><\/p>\n\t\t\t\t\t\t<\/div>\n\t\t\t\t<\/div>\n\t\t\t\t<div class=\"elementor-element elementor-element-8823886 elementor-widget elementor-widget-image\" data-id=\"8823886\" data-element_type=\"widget\" data-widget_type=\"image.default\">\n\t\t\t\t<div class=\"elementor-widget-container\">\n\t\t\t<style>\/*! elementor - v3.16.0 - 17-10-2023 *\/\n.elementor-widget-image{text-align:center}.elementor-widget-image a{display:inline-block}.elementor-widget-image a img[src$=\".svg\"]{width:48px}.elementor-widget-image img{vertical-align:middle;display:inline-block}<\/style>\t\t\t\t\t\t\t\t\t\t\t\t<img loading=\"lazy\" decoding=\"async\" width=\"800\" height=\"800\" src=\"https:\/\/www.kosekonak.com\/wp-content\/uploads\/2024\/03\/InstagramPost_03_013-1024x1024.jpg\" class=\"attachment-large size-large wp-image-1124\" alt=\"\" srcset=\"https:\/\/www.kosekonak.com\/wp-content\/uploads\/2024\/03\/InstagramPost_03_013-1024x1024.jpg 1024w, https:\/\/www.kosekonak.com\/wp-content\/uploads\/2024\/03\/InstagramPost_03_013-300x300.jpg 300w, https:\/\/www.kosekonak.com\/wp-content\/uploads\/2024\/03\/InstagramPost_03_013-150x150.jpg 150w, https:\/\/www.kosekonak.com\/wp-content\/uploads\/2024\/03\/InstagramPost_03_013-768x768.jpg 768w, https:\/\/www.kosekonak.com\/wp-content\/uploads\/2024\/03\/InstagramPost_03_013-1536x1536.jpg 1536w, https:\/\/www.kosekonak.com\/wp-content\/uploads\/2024\/03\/InstagramPost_03_013.jpg 1688w\" sizes=\"auto, (max-width: 800px) 100vw, 800px\" \/>\t\t\t\t\t\t\t\t\t\t\t\t\t\t\t<\/div>\n\t\t\t\t<\/div>\n\t\t\t\t\t<\/div>\n\t\t<\/div>\n\t\t\t\t\t\t\t<\/div>\n\t\t<\/section>\n\t\t\t\t<section class=\"elementor-section elementor-top-section elementor-element elementor-element-5199a25e elementor-section-height-min-height elementor-section-boxed elementor-section-height-default elementor-section-items-middle\" data-id=\"5199a25e\" data-element_type=\"section\" data-settings=\"{&quot;_ha_eqh_enable&quot;:false}\">\n\t\t\t\t\t\t<div class=\"elementor-container elementor-column-gap-default\">\n\t\t\t\t\t<div class=\"elementor-column elementor-col-100 elementor-top-column elementor-element elementor-element-60a4ebdb\" data-id=\"60a4ebdb\" data-element_type=\"column\">\n\t\t\t<div class=\"elementor-widget-wrap elementor-element-populated\">\n\t\t\t\t\t\t\t\t<div class=\"elementor-element elementor-element-70967d26 elementor-widget elementor-widget-heading\" data-id=\"70967d26\" data-element_type=\"widget\" data-widget_type=\"heading.default\">\n\t\t\t\t<div class=\"elementor-widget-container\">\n\t\t\t<h2 class=\"elementor-heading-title elementor-size-default\">DE\u011eER<\/h2>\t\t<\/div>\n\t\t\t\t<\/div>\n\t\t\t\t<div class=\"elementor-element elementor-element-682bf036 premium-header-inline premium-header-inline elementor-widget elementor-widget-premium-addon-dual-header\" data-id=\"682bf036\" data-element_type=\"widget\" data-widget_type=\"premium-addon-dual-header.default\">\n\t\t\t\t<div class=\"elementor-widget-container\">\n\t\t\t\r\n\t\t\t\t\t<h3 class=\"premium-dual-header-first-header \"><span class=\"premium-dual-header-first-span\">Vizyon <\/span><span class=\"premium-dual-header-second-header \">ve Misyon<\/span><\/h3> \t\t\r\n\t\t\t\t<\/div>\n\t\t\t\t<\/div>\n\t\t\t\t<div class=\"elementor-element elementor-element-35f1e422 elementor-widget elementor-widget-pp-advanced-accordion\" data-id=\"35f1e422\" data-element_type=\"widget\" data-settings=\"{&quot;accordion_type&quot;:&quot;accordion&quot;,&quot;toggle_speed&quot;:300}\" data-widget_type=\"pp-advanced-accordion.default\">\n\t\t\t\t<div class=\"elementor-widget-container\">\n\t\t\t\t\t<div class=\"pp-advanced-accordion pp-toggle-icon-align-right\" id=\"pp-advanced-accordion-35f1e422\" data-accordion-id=\"35f1e422\" role=\"tablist\">\n\t\t\t\t\t\t\t<div class=\"pp-accordion-item pp-accordion-item-active\">\n\t\t\t\t\t\t\t\t\t\t<div id=\"pp-accordion-tab-title-9051\" class=\"pp-accordion-tab-title pp-accordion-tab-active-default\" tabindex=\"0\" data-tab=\"1\" role=\"tab\" aria-controls=\"pp-accordion-tab-content-9051\" aria-expanded=\"true\">\n\t\t\t\t\t\t<span class=\"pp-accordion-title-icon\">\n\t\t\t\t\t\t\t\t\t\t\t\t\t\t<span class=\"pp-accordion-title-text\">\n\t\t\t\t\t\t\t\tVizyonumuz\t\t\t\t\t\t\t<\/span>\n\t\t\t\t\t\t<\/span>\n\t\t\t\t\t\t\t\t\t\t\t\t\t<div class=\"pp-accordion-toggle-icon\">\n\t\t\t\t\t\t\t\t\t\t\t\t\t\t\t\t\t<span class='pp-accordion-toggle-icon-close pp-icon'>\n\t\t\t\t\t\t\t\t\t\t<i aria-hidden=\"true\" class=\"fas fa-plus\"><\/i>\t\t\t\t\t\t\t\t\t<\/span>\n\t\t\t\t\t\t\t\t\t\t\t\t\t\t\t\t\t\t\t\t\t\t\t\t\t<span class='pp-accordion-toggle-icon-open pp-icon'>\n\t\t\t\t\t\t\t\t\t\t<i aria-hidden=\"true\" class=\"fas fa-minus\"><\/i>\t\t\t\t\t\t\t\t\t<\/span>\n\t\t\t\t\t\t\t\t\t\t\t\t\t\t\t<\/div>\n\t\t\t\t\t\t\t\t\t\t\t<\/div>\n\n\t\t\t\t\t<div id=\"pp-accordion-tab-content-9051\" class=\"pp-accordion-tab-content pp-accordion-tab-active-default\" data-tab=\"1\" role=\"tabpanel\" aria-labelledby=\"pp-accordion-tab-title-9051\">\n\t\t\t\t\t\t<p>Konaklama sekt\u00f6r\u00fcnde en sayg\u0131n ve tercih edilen kurulu\u015f olmak.<\/p>\n\t\t\t\t\t<\/div>\n\t\t\t\t<\/div>\n\t\t\t\t\t\t\t<div class=\"pp-accordion-item\">\n\t\t\t\t\t\t\t\t\t\t<div id=\"pp-accordion-tab-title-9052\" class=\"pp-accordion-tab-title\" tabindex=\"0\" data-tab=\"2\" role=\"tab\" aria-controls=\"pp-accordion-tab-content-9052\" aria-expanded=\"false\">\n\t\t\t\t\t\t<span class=\"pp-accordion-title-icon\">\n\t\t\t\t\t\t\t\t\t\t\t\t\t\t<span class=\"pp-accordion-title-text\">\n\t\t\t\t\t\t\t\tMisyonumuz\t\t\t\t\t\t\t<\/span>\n\t\t\t\t\t\t<\/span>\n\t\t\t\t\t\t\t\t\t\t\t\t\t<div class=\"pp-accordion-toggle-icon\">\n\t\t\t\t\t\t\t\t\t\t\t\t\t\t\t\t\t<span class='pp-accordion-toggle-icon-close pp-icon'>\n\t\t\t\t\t\t\t\t\t\t<i aria-hidden=\"true\" class=\"fas fa-plus\"><\/i>\t\t\t\t\t\t\t\t\t<\/span>\n\t\t\t\t\t\t\t\t\t\t\t\t\t\t\t\t\t\t\t\t\t\t\t\t\t<span class='pp-accordion-toggle-icon-open pp-icon'>\n\t\t\t\t\t\t\t\t\t\t<i aria-hidden=\"true\" class=\"fas fa-minus\"><\/i>\t\t\t\t\t\t\t\t\t<\/span>\n\t\t\t\t\t\t\t\t\t\t\t\t\t\t\t<\/div>\n\t\t\t\t\t\t\t\t\t\t\t<\/div>\n\n\t\t\t\t\t<div id=\"pp-accordion-tab-content-9052\" class=\"pp-accordion-tab-content\" data-tab=\"2\" role=\"tabpanel\" aria-labelledby=\"pp-accordion-tab-title-9052\">\n\t\t\t\t\t\t<p>Misafirlerimize en kaliteli \u00fcr\u00fcn ve hizmetleri sunmak, en uygun fiyatlarla en h\u0131zl\u0131 ve g\u00fcvenilir \u015fekilde \u00e7\u00f6z\u00fcm \u00fcretmek.<\/p>\n\t\t\t\t\t<\/div>\n\t\t\t\t<\/div>\n\t\t\t\t\t\t\t<div class=\"pp-accordion-item\">\n\t\t\t\t\t\t\t\t\t\t<div id=\"pp-accordion-tab-title-9053\" class=\"pp-accordion-tab-title\" tabindex=\"0\" data-tab=\"3\" role=\"tab\" aria-controls=\"pp-accordion-tab-content-9053\" aria-expanded=\"false\">\n\t\t\t\t\t\t<span class=\"pp-accordion-title-icon\">\n\t\t\t\t\t\t\t\t\t\t\t\t\t\t<span class=\"pp-accordion-title-text\">\n\t\t\t\t\t\t\t\tTemel De\u011fer\t\t\t\t\t\t\t<\/span>\n\t\t\t\t\t\t<\/span>\n\t\t\t\t\t\t\t\t\t\t\t\t\t<div class=\"pp-accordion-toggle-icon\">\n\t\t\t\t\t\t\t\t\t\t\t\t\t\t\t\t\t<span class='pp-accordion-toggle-icon-close pp-icon'>\n\t\t\t\t\t\t\t\t\t\t<i aria-hidden=\"true\" class=\"fas fa-plus\"><\/i>\t\t\t\t\t\t\t\t\t<\/span>\n\t\t\t\t\t\t\t\t\t\t\t\t\t\t\t\t\t\t\t\t\t\t\t\t\t<span class='pp-accordion-toggle-icon-open pp-icon'>\n\t\t\t\t\t\t\t\t\t\t<i aria-hidden=\"true\" class=\"fas fa-minus\"><\/i>\t\t\t\t\t\t\t\t\t<\/span>\n\t\t\t\t\t\t\t\t\t\t\t\t\t\t\t<\/div>\n\t\t\t\t\t\t\t\t\t\t\t<\/div>\n\n\t\t\t\t\t<div id=\"pp-accordion-tab-content-9053\" class=\"pp-accordion-tab-content\" data-tab=\"3\" role=\"tabpanel\" aria-labelledby=\"pp-accordion-tab-title-9053\">\n\t\t\t\t\t\t<p data-sourcepos=\"21:1-21:146\"><strong>Ko\u015fe Konak olarak t\u00fcm de\u011ferlerimize ve vizyonumuza ba\u011fl\u0131 kalarak sekt\u00f6rdeki lider konumumuzu korumay\u0131 ve geli\u015ftirmeyi taahh\u00fct ediyoruz.<\/strong><\/p>\n<p data-sourcepos=\"23:1-23:237\"><strong>Misafirlerimizle aram\u0131zdaki ili\u015fkinin sadece ticari bir ili\u015fki olmad\u0131\u011f\u0131n\u0131, ayn\u0131 zamanda g\u00fcven ve sayg\u0131ya dayal\u0131 bir ili\u015fki oldu\u011funu biliyoruz. Bu nedenle, misafirlerimizle her zaman a\u00e7\u0131k ve d\u00fcr\u00fcst bir ileti\u015fim s\u00fcrd\u00fcrmeye \u00e7al\u0131\u015f\u0131yoruz.<\/strong><\/p>\n\t\t\t\t\t<\/div>\n\t\t\t\t<\/div>\n\t\t\t\t\t<\/div>\n\t\t\t\t<\/div>\n\t\t\t\t<\/div>\n\t\t\t\t\t<\/div>\n\t\t<\/div>\n\t\t\t\t\t\t\t<\/div>\n\t\t<\/section>\n\t\t\t\t\t\t\t<\/div>\n\t\t","protected":false},"excerpt":{"rendered":"<p>Harika vakit ge\u00e7irmeniz i\u00e7in HAKKIMIZDA F Hakk\u0131nda Hakk\u0131nda Ko\u015fe Konak Hakk\u0131m\u0131zda K\u00f6\u015fe Konak 2016 y\u0131l\u0131ndan bu yana konaklama sekt\u00f6r\u00fcnde faaliyet g\u00f6stermektedir. Misafirlerimize en iyi hizmeti sunmay\u0131 ve sekt\u00f6rde lider olmay\u0131 [&hellip;]<\/p>\n","protected":false},"author":1,"featured_media":0,"parent":0,"menu_order":0,"comment_status":"closed","ping_status":"closed","template":"","meta":{"footnotes":""},"class_list":["post-1351","page","type-page","status-publish","hentry"],"_links":{"self":[{"href":"https:\/\/www.kosekonak.com\/tr\/wp-json\/wp\/v2\/pages\/1351","targetHints":{"allow":["GET"]}}],"collection":[{"href":"https:\/\/www.kosekonak.com\/tr\/wp-json\/wp\/v2\/pages"}],"about":[{"href":"https:\/\/www.kosekonak.com\/tr\/wp-json\/wp\/v2\/types\/page"}],"author":[{"embeddable":true,"href":"https:\/\/www.kosekonak.com\/tr\/wp-json\/wp\/v2\/users\/1"}],"replies":[{"embeddable":true,"href":"https:\/\/www.kosekonak.com\/tr\/wp-json\/wp\/v2\/comments?post=1351"}],"version-history":[{"count":1,"href":"https:\/\/www.kosekonak.com\/tr\/wp-json\/wp\/v2\/pages\/1351\/revisions"}],"predecessor-version":[{"id":1353,"href":"https:\/\/www.kosekonak.com\/tr\/wp-json\/wp\/v2\/pages\/1351\/revisions\/1353"}],"wp:attachment":[{"href":"https:\/\/www.kosekonak.com\/tr\/wp-json\/wp\/v2\/media?parent=1351"}],"curies":[{"name":"wp","href":"https:\/\/api.w.org\/{rel}","templated":true}]}}